{"id":10757,"date":"2021-06-23T13:15:43","date_gmt":"2021-06-23T13:15:43","guid":{"rendered":"https:\/\/server.idssoft.net\/idsdemo\/producto\/telefono-sobremesa-spc-telecom-comfort-3293b\/"},"modified":"2021-06-23T13:15:43","modified_gmt":"2021-06-23T13:15:43","slug":"telefono-sobremesa-spc-telecom-comfort-3293b","status":"publish","type":"product","link":"https:\/\/server.idssoft.net\/idsdemo\/producto\/telefono-sobremesa-spc-telecom-comfort-3293b\/","title":{"rendered":"TELEFONO SOBREMESA SPC TELECOM COMFORT 3293B"},"content":{"rendered":"<p>Si buscas un tel\u00e9fono fijo pr\u00e1ctico y funcional, el SPC Telecom 3293 B est\u00e1 hecho para t\u00ed. <br \/>Est\u00e1 espec\u00edficamente dise\u00f1ado para personas mayores o con dificultad auditiva y visual, ya que incluye teclas grandes, 5 memorias directas para gra<\/p>\n","protected":false},"excerpt":{"rendered":"<p>Si buscas un tel\u00e9fono fijo pr\u00e1ctico y funcional, el SPC Telecom 3293 B est\u00e1 hecho para t\u00ed. Est\u00e1 espec\u00edficamente dise\u00f1ado para personas mayores o con dificultad auditiva y visual, ya que incluye teclas grandes, 5 memorias directas para gra<\/p>\n","protected":false},"featured_media":10756,"comment_status":"open","ping_status":"closed","template":"","meta":[],"product_cat":[487],"product_tag":[],"class_list":["post-10757","product","type-product","status-publish","has-post-thumbnail","hentry","product_cat-telefona-fija-sobremesa","thunk-woo-product-list","opn-qv-enable","top-store-woo-hover-","top-store-single-product-tab-horizontal","top-store-shadow-","top-store-shadow-hover-"],"_links":{"self":[{"href":"https:\/\/server.idssoft.net\/idsdemo\/wp-json\/wp\/v2\/product\/10757","targetHints":{"allow":["GET"]}}],"collection":[{"href":"https:\/\/server.idssoft.net\/idsdemo\/wp-json\/wp\/v2\/product"}],"about":[{"href":"https:\/\/server.idssoft.net\/idsdemo\/wp-json\/wp\/v2\/types\/product"}],"replies":[{"embeddable":true,"href":"https:\/\/server.idssoft.net\/idsdemo\/wp-json\/wp\/v2\/comments?post=10757"}],"wp:featuredmedia":[{"embeddable":true,"href":"https:\/\/server.idssoft.net\/idsdemo\/wp-json\/wp\/v2\/media\/10756"}],"wp:attachment":[{"href":"https:\/\/server.idssoft.net\/idsdemo\/wp-json\/wp\/v2\/media?parent=10757"}],"wp:term":[{"taxonomy":"product_cat","embeddable":true,"href":"https:\/\/server.idssoft.net\/idsdemo\/wp-json\/wp\/v2\/product_cat?post=10757"},{"taxonomy":"product_tag","embeddable":true,"href":"https:\/\/server.idssoft.net\/idsdemo\/wp-json\/wp\/v2\/product_tag?post=10757"}],"curies":[{"name":"wp","href":"https:\/\/api.w.org\/{rel}","templated":true}]}}