{"id":11001,"date":"2021-06-23T13:22:22","date_gmt":"2021-06-23T13:22:22","guid":{"rendered":"https:\/\/server.idssoft.net\/idsdemo\/producto\/cable-cromad-pci-express-6-pines-2-x-5-25\/"},"modified":"2021-06-23T13:22:22","modified_gmt":"2021-06-23T13:22:22","slug":"cable-cromad-pci-express-6-pines-2-x-5-25","status":"publish","type":"product","link":"https:\/\/server.idssoft.net\/idsdemo\/producto\/cable-cromad-pci-express-6-pines-2-x-5-25\/","title":{"rendered":"Cable Cromad PCI Express 6 pines \/ 2 x 5.25"},"content":{"rendered":"<p>&#8211; Cable de alimentaci\u00f3n para tarjeta gr\u00e1fica con conexi\u00f3n PCI-e 6 pin o 8 pin<br \/>&#8211; Dos conectores MOLEX 4 Pin macho en un extremo y conector 6+2 pin macho en el otro.  <\/p>\n","protected":false},"excerpt":{"rendered":"<p>&#8211; Cable de alimentaci\u00f3n para tarjeta gr\u00e1fica con conexi\u00f3n PCI-e 6 pin o 8 pin&#8211; Dos conectores MOLEX 4 Pin macho en un extremo y conector 6+2 pin macho en el otro.<\/p>\n","protected":false},"featured_media":11000,"comment_status":"open","ping_status":"closed","template":"","meta":[],"product_cat":[591],"product_tag":[],"class_list":["post-11001","product","type-product","status-publish","has-post-thumbnail","hentry","product_cat-cables-vga-dvi-splitter","thunk-woo-product-list","opn-qv-enable","top-store-woo-hover-","top-store-single-product-tab-horizontal","top-store-shadow-","top-store-shadow-hover-"],"_links":{"self":[{"href":"https:\/\/server.idssoft.net\/idsdemo\/wp-json\/wp\/v2\/product\/11001","targetHints":{"allow":["GET"]}}],"collection":[{"href":"https:\/\/server.idssoft.net\/idsdemo\/wp-json\/wp\/v2\/product"}],"about":[{"href":"https:\/\/server.idssoft.net\/idsdemo\/wp-json\/wp\/v2\/types\/product"}],"replies":[{"embeddable":true,"href":"https:\/\/server.idssoft.net\/idsdemo\/wp-json\/wp\/v2\/comments?post=11001"}],"wp:featuredmedia":[{"embeddable":true,"href":"https:\/\/server.idssoft.net\/idsdemo\/wp-json\/wp\/v2\/media\/11000"}],"wp:attachment":[{"href":"https:\/\/server.idssoft.net\/idsdemo\/wp-json\/wp\/v2\/media?parent=11001"}],"wp:term":[{"taxonomy":"product_cat","embeddable":true,"href":"https:\/\/server.idssoft.net\/idsdemo\/wp-json\/wp\/v2\/product_cat?post=11001"},{"taxonomy":"product_tag","embeddable":true,"href":"https:\/\/server.idssoft.net\/idsdemo\/wp-json\/wp\/v2\/product_tag?post=11001"}],"curies":[{"name":"wp","href":"https:\/\/api.w.org\/{rel}","templated":true}]}}