{"id":11055,"date":"2021-06-23T13:23:52","date_gmt":"2021-06-23T13:23:52","guid":{"rendered":"https:\/\/server.idssoft.net\/idsdemo\/producto\/phoneclip-zr-hight-quality-negro-biwond\/"},"modified":"2021-06-23T13:23:52","modified_gmt":"2021-06-23T13:23:52","slug":"phoneclip-zr-hight-quality-negro-biwond","status":"publish","type":"product","link":"https:\/\/server.idssoft.net\/idsdemo\/producto\/phoneclip-zr-hight-quality-negro-biwond\/","title":{"rendered":"PHONECLIP ZR HIGHT QUALITY NEGRO BIWOND"},"content":{"rendered":"<p>Lleg\u00f3 el tel\u00e9fono fijo que esperabas para tu casa u oficina, lleg\u00f3 PhoneClip ZR Biwond. Dise\u00f1ado para brindarte la \u00faltima tecnolog\u00eda en tu hogar o negocio, con un dise\u00f1o \u00fanico.<\/p>\n<p>El tel\u00e9fono fijo PhoneClip ZR Biwond te ofrece un amplio<\/p>\n","protected":false},"excerpt":{"rendered":"<p>Lleg\u00f3 el tel\u00e9fono fijo que esperabas para tu casa u oficina, lleg\u00f3 PhoneClip ZR Biwond. Dise\u00f1ado para brindarte la \u00faltima tecnolog\u00eda en tu hogar o negocio, con un dise\u00f1o \u00fanico. El tel\u00e9fono fijo PhoneClip ZR Biwond te ofrece un amplio<\/p>\n","protected":false},"featured_media":11053,"comment_status":"open","ping_status":"closed","template":"","meta":[],"product_cat":[487],"product_tag":[],"class_list":["post-11055","product","type-product","status-publish","has-post-thumbnail","hentry","product_cat-telefona-fija-sobremesa","thunk-woo-product-list","opn-qv-enable","top-store-woo-hover-","top-store-single-product-tab-horizontal","top-store-shadow-","top-store-shadow-hover-"],"_links":{"self":[{"href":"https:\/\/server.idssoft.net\/idsdemo\/wp-json\/wp\/v2\/product\/11055","targetHints":{"allow":["GET"]}}],"collection":[{"href":"https:\/\/server.idssoft.net\/idsdemo\/wp-json\/wp\/v2\/product"}],"about":[{"href":"https:\/\/server.idssoft.net\/idsdemo\/wp-json\/wp\/v2\/types\/product"}],"replies":[{"embeddable":true,"href":"https:\/\/server.idssoft.net\/idsdemo\/wp-json\/wp\/v2\/comments?post=11055"}],"wp:featuredmedia":[{"embeddable":true,"href":"https:\/\/server.idssoft.net\/idsdemo\/wp-json\/wp\/v2\/media\/11053"}],"wp:attachment":[{"href":"https:\/\/server.idssoft.net\/idsdemo\/wp-json\/wp\/v2\/media?parent=11055"}],"wp:term":[{"taxonomy":"product_cat","embeddable":true,"href":"https:\/\/server.idssoft.net\/idsdemo\/wp-json\/wp\/v2\/product_cat?post=11055"},{"taxonomy":"product_tag","embeddable":true,"href":"https:\/\/server.idssoft.net\/idsdemo\/wp-json\/wp\/v2\/product_tag?post=11055"}],"curies":[{"name":"wp","href":"https:\/\/api.w.org\/{rel}","templated":true}]}}