{"id":11078,"date":"2021-06-23T13:24:30","date_gmt":"2021-06-23T13:24:30","guid":{"rendered":"https:\/\/server.idssoft.net\/idsdemo\/producto\/telefono-sobremesa-mural-lcd-spc-3604n-negro\/"},"modified":"2021-06-23T13:24:30","modified_gmt":"2021-06-23T13:24:30","slug":"telefono-sobremesa-mural-lcd-spc-3604n-negro","status":"publish","type":"product","link":"https:\/\/server.idssoft.net\/idsdemo\/producto\/telefono-sobremesa-mural-lcd-spc-3604n-negro\/","title":{"rendered":"Telefono Sobremesa\/Mural LCD SPC 3604N Negro"},"content":{"rendered":"<p>Tel\u00e9fono bipieza con gran pantalla iluminada<br \/>El tel\u00e9fono SPCtelecom 3604N es un tel\u00e9fono con gran pantalla iluminada.Destaca por tener 7 teclas con memorias directas su gran pantalla iluminada y manos libres.<\/p>\n<p>Resumen del tel\u00e9fono<\/p>\n","protected":false},"excerpt":{"rendered":"<p>Tel\u00e9fono bipieza con gran pantalla iluminadaEl tel\u00e9fono SPCtelecom 3604N es un tel\u00e9fono con gran pantalla iluminada.Destaca por tener 7 teclas con memorias directas su gran pantalla iluminada y manos libres. Resumen del tel\u00e9fono<\/p>\n","protected":false},"featured_media":11077,"comment_status":"open","ping_status":"closed","template":"","meta":[],"product_cat":[487],"product_tag":[],"class_list":["post-11078","product","type-product","status-publish","has-post-thumbnail","hentry","product_cat-telefona-fija-sobremesa","thunk-woo-product-list","opn-qv-enable","top-store-woo-hover-","top-store-single-product-tab-horizontal","top-store-shadow-","top-store-shadow-hover-"],"_links":{"self":[{"href":"https:\/\/server.idssoft.net\/idsdemo\/wp-json\/wp\/v2\/product\/11078","targetHints":{"allow":["GET"]}}],"collection":[{"href":"https:\/\/server.idssoft.net\/idsdemo\/wp-json\/wp\/v2\/product"}],"about":[{"href":"https:\/\/server.idssoft.net\/idsdemo\/wp-json\/wp\/v2\/types\/product"}],"replies":[{"embeddable":true,"href":"https:\/\/server.idssoft.net\/idsdemo\/wp-json\/wp\/v2\/comments?post=11078"}],"wp:featuredmedia":[{"embeddable":true,"href":"https:\/\/server.idssoft.net\/idsdemo\/wp-json\/wp\/v2\/media\/11077"}],"wp:attachment":[{"href":"https:\/\/server.idssoft.net\/idsdemo\/wp-json\/wp\/v2\/media?parent=11078"}],"wp:term":[{"taxonomy":"product_cat","embeddable":true,"href":"https:\/\/server.idssoft.net\/idsdemo\/wp-json\/wp\/v2\/product_cat?post=11078"},{"taxonomy":"product_tag","embeddable":true,"href":"https:\/\/server.idssoft.net\/idsdemo\/wp-json\/wp\/v2\/product_tag?post=11078"}],"curies":[{"name":"wp","href":"https:\/\/api.w.org\/{rel}","templated":true}]}}