{"id":11082,"date":"2021-06-23T13:24:37","date_gmt":"2021-06-23T13:24:37","guid":{"rendered":"https:\/\/server.idssoft.net\/idsdemo\/producto\/fabulary-phone-inalambrico-biwond\/"},"modified":"2021-06-23T13:24:37","modified_gmt":"2021-06-23T13:24:37","slug":"fabulary-phone-inalambrico-biwond","status":"publish","type":"product","link":"https:\/\/server.idssoft.net\/idsdemo\/producto\/fabulary-phone-inalambrico-biwond\/","title":{"rendered":"Fabulary Phone Inal\u00e1mbrico Biwond"},"content":{"rendered":"<p>La m\u00e1gia de la comunicaci\u00f3n puesta a tu alcance de la mano de FabularyPhone Biwond. Dise\u00f1ado para brindarte la \u00faltima Tecnolog\u00eda Digital Inal\u00e1mbrica Avanzada para un rango superior y calidad de voz cristalina.<\/p>\n<p>El tel\u00e9fono inal\u00e1mbrico<\/p>\n","protected":false},"excerpt":{"rendered":"<p>La m\u00e1gia de la comunicaci\u00f3n puesta a tu alcance de la mano de FabularyPhone Biwond. Dise\u00f1ado para brindarte la \u00faltima Tecnolog\u00eda Digital Inal\u00e1mbrica Avanzada para un rango superior y calidad de voz cristalina. El tel\u00e9fono inal\u00e1mbrico<\/p>\n","protected":false},"featured_media":11081,"comment_status":"open","ping_status":"closed","template":"","meta":[],"product_cat":[488],"product_tag":[],"class_list":["post-11082","product","type-product","status-publish","has-post-thumbnail","hentry","product_cat-telefonia-fija-inalmbrica","thunk-woo-product-list","opn-qv-enable","top-store-woo-hover-","top-store-single-product-tab-horizontal","top-store-shadow-","top-store-shadow-hover-"],"_links":{"self":[{"href":"https:\/\/server.idssoft.net\/idsdemo\/wp-json\/wp\/v2\/product\/11082","targetHints":{"allow":["GET"]}}],"collection":[{"href":"https:\/\/server.idssoft.net\/idsdemo\/wp-json\/wp\/v2\/product"}],"about":[{"href":"https:\/\/server.idssoft.net\/idsdemo\/wp-json\/wp\/v2\/types\/product"}],"replies":[{"embeddable":true,"href":"https:\/\/server.idssoft.net\/idsdemo\/wp-json\/wp\/v2\/comments?post=11082"}],"wp:featuredmedia":[{"embeddable":true,"href":"https:\/\/server.idssoft.net\/idsdemo\/wp-json\/wp\/v2\/media\/11081"}],"wp:attachment":[{"href":"https:\/\/server.idssoft.net\/idsdemo\/wp-json\/wp\/v2\/media?parent=11082"}],"wp:term":[{"taxonomy":"product_cat","embeddable":true,"href":"https:\/\/server.idssoft.net\/idsdemo\/wp-json\/wp\/v2\/product_cat?post=11082"},{"taxonomy":"product_tag","embeddable":true,"href":"https:\/\/server.idssoft.net\/idsdemo\/wp-json\/wp\/v2\/product_tag?post=11082"}],"curies":[{"name":"wp","href":"https:\/\/api.w.org\/{rel}","templated":true}]}}