{"id":11104,"date":"2021-06-23T13:25:10","date_gmt":"2021-06-23T13:25:10","guid":{"rendered":"https:\/\/server.idssoft.net\/idsdemo\/producto\/telefono-s10-dual-sim-senior-phone-blanco-biwond\/"},"modified":"2021-06-23T13:25:10","modified_gmt":"2021-06-23T13:25:10","slug":"telefono-s10-dual-sim-senior-phone-blanco-biwond","status":"publish","type":"product","link":"https:\/\/server.idssoft.net\/idsdemo\/producto\/telefono-s10-dual-sim-senior-phone-blanco-biwond\/","title":{"rendered":"TELEFONO S10 DUAL SIM SENIOR PHONE BLANCO BIWOND"},"content":{"rendered":"<p>El m\u00f3vil m\u00e1s pr\u00e1ctico y seguro pensado para personas mayores, con c\u00e1mara, men\u00fa y botones grandes, bluetooth, radio FM, dual sim y mucho m\u00e1s. Flip SeniorPhone S10 Dual SIM Biwond pensado para personas mayores con men\u00fa y botones grandes e intuiti<\/p>\n","protected":false},"excerpt":{"rendered":"<p>El m\u00f3vil m\u00e1s pr\u00e1ctico y seguro pensado para personas mayores, con c\u00e1mara, men\u00fa y botones grandes, bluetooth, radio FM, dual sim y mucho m\u00e1s. Flip SeniorPhone S10 Dual SIM Biwond pensado para personas mayores con men\u00fa y botones grandes e intuiti<\/p>\n","protected":false},"featured_media":11102,"comment_status":"open","ping_status":"closed","template":"","meta":[],"product_cat":[489],"product_tag":[],"class_list":["post-11104","product","type-product","status-publish","has-post-thumbnail","hentry","product_cat-telefonia-movil-gama-baja","thunk-woo-product-list","opn-qv-enable","top-store-woo-hover-","top-store-single-product-tab-horizontal","top-store-shadow-","top-store-shadow-hover-"],"_links":{"self":[{"href":"https:\/\/server.idssoft.net\/idsdemo\/wp-json\/wp\/v2\/product\/11104","targetHints":{"allow":["GET"]}}],"collection":[{"href":"https:\/\/server.idssoft.net\/idsdemo\/wp-json\/wp\/v2\/product"}],"about":[{"href":"https:\/\/server.idssoft.net\/idsdemo\/wp-json\/wp\/v2\/types\/product"}],"replies":[{"embeddable":true,"href":"https:\/\/server.idssoft.net\/idsdemo\/wp-json\/wp\/v2\/comments?post=11104"}],"wp:featuredmedia":[{"embeddable":true,"href":"https:\/\/server.idssoft.net\/idsdemo\/wp-json\/wp\/v2\/media\/11102"}],"wp:attachment":[{"href":"https:\/\/server.idssoft.net\/idsdemo\/wp-json\/wp\/v2\/media?parent=11104"}],"wp:term":[{"taxonomy":"product_cat","embeddable":true,"href":"https:\/\/server.idssoft.net\/idsdemo\/wp-json\/wp\/v2\/product_cat?post=11104"},{"taxonomy":"product_tag","embeddable":true,"href":"https:\/\/server.idssoft.net\/idsdemo\/wp-json\/wp\/v2\/product_tag?post=11104"}],"curies":[{"name":"wp","href":"https:\/\/api.w.org\/{rel}","templated":true}]}}