{"id":11119,"date":"2021-06-23T13:25:30","date_gmt":"2021-06-23T13:25:30","guid":{"rendered":"https:\/\/server.idssoft.net\/idsdemo\/producto\/raton-logitech-inalambrico-m171-1000dpi-rojo\/"},"modified":"2021-06-23T13:25:30","modified_gmt":"2021-06-23T13:25:30","slug":"raton-logitech-inalambrico-m171-1000dpi-rojo","status":"publish","type":"product","link":"https:\/\/server.idssoft.net\/idsdemo\/producto\/raton-logitech-inalambrico-m171-1000dpi-rojo\/","title":{"rendered":"RATON LOGITECH INALAMBRICO M171 1000DPI ROJO"},"content":{"rendered":"<p>&#8211; Dimensiones(alt x an x prof): 97,7 x 61,5 x 35,2 mm<br \/>&#8211; Peso: 70,5 g (sin pila)<br \/>&#8211; Tipo de conexi\u00f3n: Tecnolog\u00eda inal\u00e1mbrica de 2,4 GHz<br \/>&#8211; Radio de acci\u00f3n inal\u00e1mbrico: 10 m (33 ft)<br \/>&#8211; Pila: 1 pila AA<br \/>&#8211; Duraci\u00f3n de pila: 1 a\u00f1o&lt;br<\/p>\n","protected":false},"excerpt":{"rendered":"<p>&#8211; Dimensiones(alt x an x prof): 97,7 x 61,5 x 35,2 mm&#8211; Peso: 70,5 g (sin pila)&#8211; Tipo de conexi\u00f3n: Tecnolog\u00eda inal\u00e1mbrica de 2,4 GHz&#8211; Radio de acci\u00f3n inal\u00e1mbrico: 10 m (33 ft)&#8211; Pila: 1 pila AA&#8211; Duraci\u00f3n de pila: 1 a\u00f1o&lt;br<\/p>\n","protected":false},"featured_media":11118,"comment_status":"open","ping_status":"closed","template":"","meta":[],"product_cat":[480],"product_tag":[],"class_list":["post-11119","product","type-product","status-publish","has-post-thumbnail","hentry","product_cat-ratones","thunk-woo-product-list","opn-qv-enable","top-store-woo-hover-","top-store-single-product-tab-horizontal","top-store-shadow-","top-store-shadow-hover-"],"_links":{"self":[{"href":"https:\/\/server.idssoft.net\/idsdemo\/wp-json\/wp\/v2\/product\/11119","targetHints":{"allow":["GET"]}}],"collection":[{"href":"https:\/\/server.idssoft.net\/idsdemo\/wp-json\/wp\/v2\/product"}],"about":[{"href":"https:\/\/server.idssoft.net\/idsdemo\/wp-json\/wp\/v2\/types\/product"}],"replies":[{"embeddable":true,"href":"https:\/\/server.idssoft.net\/idsdemo\/wp-json\/wp\/v2\/comments?post=11119"}],"wp:featuredmedia":[{"embeddable":true,"href":"https:\/\/server.idssoft.net\/idsdemo\/wp-json\/wp\/v2\/media\/11118"}],"wp:attachment":[{"href":"https:\/\/server.idssoft.net\/idsdemo\/wp-json\/wp\/v2\/media?parent=11119"}],"wp:term":[{"taxonomy":"product_cat","embeddable":true,"href":"https:\/\/server.idssoft.net\/idsdemo\/wp-json\/wp\/v2\/product_cat?post=11119"},{"taxonomy":"product_tag","embeddable":true,"href":"https:\/\/server.idssoft.net\/idsdemo\/wp-json\/wp\/v2\/product_tag?post=11119"}],"curies":[{"name":"wp","href":"https:\/\/api.w.org\/{rel}","templated":true}]}}