{"id":11121,"date":"2021-06-23T13:25:33","date_gmt":"2021-06-23T13:25:33","guid":{"rendered":"https:\/\/server.idssoft.net\/idsdemo\/producto\/bateria-camara-deportiva-ex3-biwond-sjcam-sj4000-sj5000-90\/"},"modified":"2021-06-23T13:25:33","modified_gmt":"2021-06-23T13:25:33","slug":"bateria-camara-deportiva-ex3-biwond-sjcam-sj4000-sj5000-90","status":"publish","type":"product","link":"https:\/\/server.idssoft.net\/idsdemo\/producto\/bateria-camara-deportiva-ex3-biwond-sjcam-sj4000-sj5000-90\/","title":{"rendered":"BATER\u00cdA C\u00c1MARA DEPORTIVA EX3 BIWOND \/ SJCAM SJ4000-SJ5000 90"},"content":{"rendered":"<p>Bater\u00eda C\u00e1mara Deportiva EX3 Biwond \/ SJCAM SJ4000-SJ5000 900mAh<\/p>\n<p>Disfruta muchas m\u00e1s horas de tu c\u00e1mara deportiva EX3 Biwond o SJCAM con esta bater\u00eda adicional de 900mAh. No te quedes sin grabar tus mejores momentos por culpa de la falta<\/p>\n","protected":false},"excerpt":{"rendered":"<p>Bater\u00eda C\u00e1mara Deportiva EX3 Biwond \/ SJCAM SJ4000-SJ5000 900mAh Disfruta muchas m\u00e1s horas de tu c\u00e1mara deportiva EX3 Biwond o SJCAM con esta bater\u00eda adicional de 900mAh. No te quedes sin grabar tus mejores momentos por culpa de la falta<\/p>\n","protected":false},"featured_media":11120,"comment_status":"open","ping_status":"closed","template":"","meta":[],"product_cat":[565],"product_tag":[],"class_list":["post-11121","product","type-product","status-publish","has-post-thumbnail","hentry","product_cat-camaras-y-accesorios","thunk-woo-product-list","opn-qv-enable","top-store-woo-hover-","top-store-single-product-tab-horizontal","top-store-shadow-","top-store-shadow-hover-"],"_links":{"self":[{"href":"https:\/\/server.idssoft.net\/idsdemo\/wp-json\/wp\/v2\/product\/11121","targetHints":{"allow":["GET"]}}],"collection":[{"href":"https:\/\/server.idssoft.net\/idsdemo\/wp-json\/wp\/v2\/product"}],"about":[{"href":"https:\/\/server.idssoft.net\/idsdemo\/wp-json\/wp\/v2\/types\/product"}],"replies":[{"embeddable":true,"href":"https:\/\/server.idssoft.net\/idsdemo\/wp-json\/wp\/v2\/comments?post=11121"}],"wp:featuredmedia":[{"embeddable":true,"href":"https:\/\/server.idssoft.net\/idsdemo\/wp-json\/wp\/v2\/media\/11120"}],"wp:attachment":[{"href":"https:\/\/server.idssoft.net\/idsdemo\/wp-json\/wp\/v2\/media?parent=11121"}],"wp:term":[{"taxonomy":"product_cat","embeddable":true,"href":"https:\/\/server.idssoft.net\/idsdemo\/wp-json\/wp\/v2\/product_cat?post=11121"},{"taxonomy":"product_tag","embeddable":true,"href":"https:\/\/server.idssoft.net\/idsdemo\/wp-json\/wp\/v2\/product_tag?post=11121"}],"curies":[{"name":"wp","href":"https:\/\/api.w.org\/{rel}","templated":true}]}}