{"id":11125,"date":"2021-06-23T13:25:40","date_gmt":"2021-06-23T13:25:40","guid":{"rendered":"https:\/\/server.idssoft.net\/idsdemo\/producto\/raton-x62-bluetooth-blanco-azul-cromad\/"},"modified":"2021-06-23T13:25:40","modified_gmt":"2021-06-23T13:25:40","slug":"raton-x62-bluetooth-blanco-azul-cromad","status":"publish","type":"product","link":"https:\/\/server.idssoft.net\/idsdemo\/producto\/raton-x62-bluetooth-blanco-azul-cromad\/","title":{"rendered":"Raton X62 Bluetooth Blanco\/Azul CROMAD"},"content":{"rendered":"<p>Conexi\u00f3n Bluetooth<br \/>3 botones accesibles.<br \/>Dise\u00f1o c\u00f3modo.<br \/>Bajo consumo.<br \/>M\u00e1xima precisi\u00f3n (1200dpi)<br \/>Tacto suave.<br \/>Compatible con: Windows, Linux, Mac<br \/>Dimensiones: 103x58x36mm<br \/>Bater\u00eda: 1 pila AA<br \/>Unidades por caja:<\/p>\n","protected":false},"excerpt":{"rendered":"<p>Conexi\u00f3n Bluetooth3 botones accesibles.Dise\u00f1o c\u00f3modo.Bajo consumo.M\u00e1xima precisi\u00f3n (1200dpi)Tacto suave.Compatible con: Windows, Linux, MacDimensiones: 103x58x36mmBater\u00eda: 1 pila AAUnidades por caja:<\/p>\n","protected":false},"featured_media":11124,"comment_status":"open","ping_status":"closed","template":"","meta":[],"product_cat":[480],"product_tag":[],"class_list":["post-11125","product","type-product","status-publish","has-post-thumbnail","hentry","product_cat-ratones","thunk-woo-product-list","opn-qv-enable","top-store-woo-hover-","top-store-single-product-tab-horizontal","top-store-shadow-","top-store-shadow-hover-"],"_links":{"self":[{"href":"https:\/\/server.idssoft.net\/idsdemo\/wp-json\/wp\/v2\/product\/11125","targetHints":{"allow":["GET"]}}],"collection":[{"href":"https:\/\/server.idssoft.net\/idsdemo\/wp-json\/wp\/v2\/product"}],"about":[{"href":"https:\/\/server.idssoft.net\/idsdemo\/wp-json\/wp\/v2\/types\/product"}],"replies":[{"embeddable":true,"href":"https:\/\/server.idssoft.net\/idsdemo\/wp-json\/wp\/v2\/comments?post=11125"}],"wp:featuredmedia":[{"embeddable":true,"href":"https:\/\/server.idssoft.net\/idsdemo\/wp-json\/wp\/v2\/media\/11124"}],"wp:attachment":[{"href":"https:\/\/server.idssoft.net\/idsdemo\/wp-json\/wp\/v2\/media?parent=11125"}],"wp:term":[{"taxonomy":"product_cat","embeddable":true,"href":"https:\/\/server.idssoft.net\/idsdemo\/wp-json\/wp\/v2\/product_cat?post=11125"},{"taxonomy":"product_tag","embeddable":true,"href":"https:\/\/server.idssoft.net\/idsdemo\/wp-json\/wp\/v2\/product_tag?post=11125"}],"curies":[{"name":"wp","href":"https:\/\/api.w.org\/{rel}","templated":true}]}}