{"id":11144,"date":"2021-06-23T13:26:05","date_gmt":"2021-06-23T13:26:05","guid":{"rendered":"https:\/\/server.idssoft.net\/idsdemo\/producto\/raton-x60-usb-blanco-azul-cromad\/"},"modified":"2021-06-23T13:26:05","modified_gmt":"2021-06-23T13:26:05","slug":"raton-x60-usb-blanco-azul-cromad","status":"publish","type":"product","link":"https:\/\/server.idssoft.net\/idsdemo\/producto\/raton-x60-usb-blanco-azul-cromad\/","title":{"rendered":"Raton X60 USB Blanco\/Azul CROMAD"},"content":{"rendered":"<p>Conexi\u00f3n USB 2.0<br \/>Longitud del cable de 1.50m.<br \/>3 botones accesibles.<br \/>Dise\u00f1o c\u00f3modo.<br \/>M\u00e1xima precisi\u00f3n (1000dpi)<br \/>Tacto suave.<br \/>Disponible en varios colores.<br \/>Compatible con: Windows, Linux, Mac<br \/>Dimensiones: 103x<\/p>\n","protected":false},"excerpt":{"rendered":"<p>Conexi\u00f3n USB 2.0Longitud del cable de 1.50m.3 botones accesibles.Dise\u00f1o c\u00f3modo.M\u00e1xima precisi\u00f3n (1000dpi)Tacto suave.Disponible en varios colores.Compatible con: Windows, Linux, MacDimensiones: 103x<\/p>\n","protected":false},"featured_media":11142,"comment_status":"open","ping_status":"closed","template":"","meta":[],"product_cat":[480],"product_tag":[],"class_list":["post-11144","product","type-product","status-publish","has-post-thumbnail","hentry","product_cat-ratones","thunk-woo-product-list","opn-qv-enable","top-store-woo-hover-","top-store-single-product-tab-horizontal","top-store-shadow-","top-store-shadow-hover-"],"_links":{"self":[{"href":"https:\/\/server.idssoft.net\/idsdemo\/wp-json\/wp\/v2\/product\/11144","targetHints":{"allow":["GET"]}}],"collection":[{"href":"https:\/\/server.idssoft.net\/idsdemo\/wp-json\/wp\/v2\/product"}],"about":[{"href":"https:\/\/server.idssoft.net\/idsdemo\/wp-json\/wp\/v2\/types\/product"}],"replies":[{"embeddable":true,"href":"https:\/\/server.idssoft.net\/idsdemo\/wp-json\/wp\/v2\/comments?post=11144"}],"wp:featuredmedia":[{"embeddable":true,"href":"https:\/\/server.idssoft.net\/idsdemo\/wp-json\/wp\/v2\/media\/11142"}],"wp:attachment":[{"href":"https:\/\/server.idssoft.net\/idsdemo\/wp-json\/wp\/v2\/media?parent=11144"}],"wp:term":[{"taxonomy":"product_cat","embeddable":true,"href":"https:\/\/server.idssoft.net\/idsdemo\/wp-json\/wp\/v2\/product_cat?post=11144"},{"taxonomy":"product_tag","embeddable":true,"href":"https:\/\/server.idssoft.net\/idsdemo\/wp-json\/wp\/v2\/product_tag?post=11144"}],"curies":[{"name":"wp","href":"https:\/\/api.w.org\/{rel}","templated":true}]}}