{"id":11150,"date":"2021-06-23T13:26:13","date_gmt":"2021-06-23T13:26:13","guid":{"rendered":"https:\/\/server.idssoft.net\/idsdemo\/producto\/teclado-logitech-k400-plus-wireless-touchpad-negro\/"},"modified":"2021-06-23T13:26:13","modified_gmt":"2021-06-23T13:26:13","slug":"teclado-logitech-k400-plus-wireless-touchpad-negro","status":"publish","type":"product","link":"https:\/\/server.idssoft.net\/idsdemo\/producto\/teclado-logitech-k400-plus-wireless-touchpad-negro\/","title":{"rendered":"TECLADO LOGITECH K400 PLUS WIRELESS TOUCHPAD NEGRO"},"content":{"rendered":"<p>Disfruta del sistema multimedia PC a TV como m\u00e1s te gusta: desde la comodidad del sof\u00e1.<\/p>\n<p>Dise\u00f1ado para un control relajado<br \/>El uso de multimedia de PC a TV no tiene por qu\u00e9 ser complicado. Rel\u00e1jate y navega en tu ordenador conecta<\/p>\n","protected":false},"excerpt":{"rendered":"<p>Disfruta del sistema multimedia PC a TV como m\u00e1s te gusta: desde la comodidad del sof\u00e1. Dise\u00f1ado para un control relajadoEl uso de multimedia de PC a TV no tiene por qu\u00e9 ser complicado. Rel\u00e1jate y navega en tu ordenador conecta<\/p>\n","protected":false},"featured_media":11148,"comment_status":"open","ping_status":"closed","template":"","meta":[],"product_cat":[566],"product_tag":[],"class_list":["post-11150","product","type-product","status-publish","has-post-thumbnail","hentry","product_cat-teclados","thunk-woo-product-list","opn-qv-enable","top-store-woo-hover-","top-store-single-product-tab-horizontal","top-store-shadow-","top-store-shadow-hover-"],"_links":{"self":[{"href":"https:\/\/server.idssoft.net\/idsdemo\/wp-json\/wp\/v2\/product\/11150","targetHints":{"allow":["GET"]}}],"collection":[{"href":"https:\/\/server.idssoft.net\/idsdemo\/wp-json\/wp\/v2\/product"}],"about":[{"href":"https:\/\/server.idssoft.net\/idsdemo\/wp-json\/wp\/v2\/types\/product"}],"replies":[{"embeddable":true,"href":"https:\/\/server.idssoft.net\/idsdemo\/wp-json\/wp\/v2\/comments?post=11150"}],"wp:featuredmedia":[{"embeddable":true,"href":"https:\/\/server.idssoft.net\/idsdemo\/wp-json\/wp\/v2\/media\/11148"}],"wp:attachment":[{"href":"https:\/\/server.idssoft.net\/idsdemo\/wp-json\/wp\/v2\/media?parent=11150"}],"wp:term":[{"taxonomy":"product_cat","embeddable":true,"href":"https:\/\/server.idssoft.net\/idsdemo\/wp-json\/wp\/v2\/product_cat?post=11150"},{"taxonomy":"product_tag","embeddable":true,"href":"https:\/\/server.idssoft.net\/idsdemo\/wp-json\/wp\/v2\/product_tag?post=11150"}],"curies":[{"name":"wp","href":"https:\/\/api.w.org\/{rel}","templated":true}]}}