{"id":11160,"date":"2021-06-23T13:26:28","date_gmt":"2021-06-23T13:26:28","guid":{"rendered":"https:\/\/server.idssoft.net\/idsdemo\/producto\/cargador-especifico-cromad-19v-4-7a-5-5x2-5mm-90w-m8\/"},"modified":"2021-06-23T13:26:28","modified_gmt":"2021-06-23T13:26:28","slug":"cargador-especifico-cromad-19v-4-7a-5-5x2-5mm-90w-m8","status":"publish","type":"product","link":"https:\/\/server.idssoft.net\/idsdemo\/producto\/cargador-especifico-cromad-19v-4-7a-5-5x2-5mm-90w-m8\/","title":{"rendered":"CARGADOR ESPECIFICO CROMAD 19V | 4.7A | 5.5X2.5MM | 90W | M8"},"content":{"rendered":"<p>&#8211; Dise\u00f1o economizador de energia de alta eficiencia.<br \/>&#8211; Incluye cable de alimentacion<br \/>&#8211; Correcci\u00f3n de factor de potencia para estabilizar y mejorar los valores de tensi\u00f3n de salida<br \/>&#8211; Protecciones incluidas: exceso de corriente, exceso de<\/p>\n","protected":false},"excerpt":{"rendered":"<p>&#8211; Dise\u00f1o economizador de energia de alta eficiencia.&#8211; Incluye cable de alimentacion&#8211; Correcci\u00f3n de factor de potencia para estabilizar y mejorar los valores de tensi\u00f3n de salida&#8211; Protecciones incluidas: exceso de corriente, exceso de<\/p>\n","protected":false},"featured_media":11158,"comment_status":"open","ping_status":"closed","template":"","meta":[],"product_cat":[568],"product_tag":[],"class_list":["post-11160","product","type-product","status-publish","has-post-thumbnail","hentry","product_cat-cargadores-universales","thunk-woo-product-list","opn-qv-enable","top-store-woo-hover-","top-store-single-product-tab-horizontal","top-store-shadow-","top-store-shadow-hover-"],"_links":{"self":[{"href":"https:\/\/server.idssoft.net\/idsdemo\/wp-json\/wp\/v2\/product\/11160","targetHints":{"allow":["GET"]}}],"collection":[{"href":"https:\/\/server.idssoft.net\/idsdemo\/wp-json\/wp\/v2\/product"}],"about":[{"href":"https:\/\/server.idssoft.net\/idsdemo\/wp-json\/wp\/v2\/types\/product"}],"replies":[{"embeddable":true,"href":"https:\/\/server.idssoft.net\/idsdemo\/wp-json\/wp\/v2\/comments?post=11160"}],"wp:featuredmedia":[{"embeddable":true,"href":"https:\/\/server.idssoft.net\/idsdemo\/wp-json\/wp\/v2\/media\/11158"}],"wp:attachment":[{"href":"https:\/\/server.idssoft.net\/idsdemo\/wp-json\/wp\/v2\/media?parent=11160"}],"wp:term":[{"taxonomy":"product_cat","embeddable":true,"href":"https:\/\/server.idssoft.net\/idsdemo\/wp-json\/wp\/v2\/product_cat?post=11160"},{"taxonomy":"product_tag","embeddable":true,"href":"https:\/\/server.idssoft.net\/idsdemo\/wp-json\/wp\/v2\/product_tag?post=11160"}],"curies":[{"name":"wp","href":"https:\/\/api.w.org\/{rel}","templated":true}]}}