{"id":11171,"date":"2021-06-23T13:26:44","date_gmt":"2021-06-23T13:26:44","guid":{"rendered":"https:\/\/server.idssoft.net\/idsdemo\/producto\/cargador-tablet-9v-2a-biwond\/"},"modified":"2021-06-23T13:26:44","modified_gmt":"2021-06-23T13:26:44","slug":"cargador-tablet-9v-2a-biwond","status":"publish","type":"product","link":"https:\/\/server.idssoft.net\/idsdemo\/producto\/cargador-tablet-9v-2a-biwond\/","title":{"rendered":"Cargador Tablet 9V 2A BIWOND"},"content":{"rendered":"<p>Cargador Tablet 9V 2A BIWOND con conector de 2.5mm. Cargador Repuesto para Tablets 9V.<\/p>\n<p>El voltaje de salida es de 9V, con una carga m\u00e1xima de 2A. Debes usar este art\u00edculo si t\u00fa tablet tiene un cargador de 9V, no importa si el cargador de<\/p>\n","protected":false},"excerpt":{"rendered":"<p>Cargador Tablet 9V 2A BIWOND con conector de 2.5mm. Cargador Repuesto para Tablets 9V. El voltaje de salida es de 9V, con una carga m\u00e1xima de 2A. Debes usar este art\u00edculo si t\u00fa tablet tiene un cargador de 9V, no importa si el cargador de<\/p>\n","protected":false},"featured_media":11170,"comment_status":"open","ping_status":"closed","template":"","meta":[],"product_cat":[568],"product_tag":[],"class_list":["post-11171","product","type-product","status-publish","has-post-thumbnail","hentry","product_cat-cargadores-universales","thunk-woo-product-list","opn-qv-enable","top-store-woo-hover-","top-store-single-product-tab-horizontal","top-store-shadow-","top-store-shadow-hover-"],"_links":{"self":[{"href":"https:\/\/server.idssoft.net\/idsdemo\/wp-json\/wp\/v2\/product\/11171","targetHints":{"allow":["GET"]}}],"collection":[{"href":"https:\/\/server.idssoft.net\/idsdemo\/wp-json\/wp\/v2\/product"}],"about":[{"href":"https:\/\/server.idssoft.net\/idsdemo\/wp-json\/wp\/v2\/types\/product"}],"replies":[{"embeddable":true,"href":"https:\/\/server.idssoft.net\/idsdemo\/wp-json\/wp\/v2\/comments?post=11171"}],"wp:featuredmedia":[{"embeddable":true,"href":"https:\/\/server.idssoft.net\/idsdemo\/wp-json\/wp\/v2\/media\/11170"}],"wp:attachment":[{"href":"https:\/\/server.idssoft.net\/idsdemo\/wp-json\/wp\/v2\/media?parent=11171"}],"wp:term":[{"taxonomy":"product_cat","embeddable":true,"href":"https:\/\/server.idssoft.net\/idsdemo\/wp-json\/wp\/v2\/product_cat?post=11171"},{"taxonomy":"product_tag","embeddable":true,"href":"https:\/\/server.idssoft.net\/idsdemo\/wp-json\/wp\/v2\/product_tag?post=11171"}],"curies":[{"name":"wp","href":"https:\/\/api.w.org\/{rel}","templated":true}]}}