{"id":11179,"date":"2021-06-23T13:26:58","date_gmt":"2021-06-23T13:26:58","guid":{"rendered":"https:\/\/server.idssoft.net\/idsdemo\/producto\/tecladoraton-logitech-mk120-negro\/"},"modified":"2021-06-23T13:26:58","modified_gmt":"2021-06-23T13:26:58","slug":"tecladoraton-logitech-mk120-negro","status":"publish","type":"product","link":"https:\/\/server.idssoft.net\/idsdemo\/producto\/tecladoraton-logitech-mk120-negro\/","title":{"rendered":"TECLADO+RATON LOGITECH MK120 NEGRO"},"content":{"rendered":"<p>Logitech Desktop MK120, ES. Interfaz del dispositivo: USB, Dise\u00f1o de teclado: QWERTY. Color del producto: Negro. Resoluci\u00f3n de movimiento: 1000 DPI, Tecnolog\u00eda de detecci\u00f3n de movimientos: \u00d3ptico. Sistemas operativos compatibles: &#8211; Windows XP, Wi<\/p>\n","protected":false},"excerpt":{"rendered":"<p>Logitech Desktop MK120, ES. Interfaz del dispositivo: USB, Dise\u00f1o de teclado: QWERTY. Color del producto: Negro. Resoluci\u00f3n de movimiento: 1000 DPI, Tecnolog\u00eda de detecci\u00f3n de movimientos: \u00d3ptico. Sistemas operativos compatibles: &#8211; Windows XP, Wi<\/p>\n","protected":false},"featured_media":11178,"comment_status":"open","ping_status":"closed","template":"","meta":[],"product_cat":[567],"product_tag":[],"class_list":["post-11179","product","type-product","status-publish","has-post-thumbnail","hentry","product_cat-kit-teclado-raton","thunk-woo-product-list","opn-qv-enable","top-store-woo-hover-","top-store-single-product-tab-horizontal","top-store-shadow-","top-store-shadow-hover-"],"_links":{"self":[{"href":"https:\/\/server.idssoft.net\/idsdemo\/wp-json\/wp\/v2\/product\/11179","targetHints":{"allow":["GET"]}}],"collection":[{"href":"https:\/\/server.idssoft.net\/idsdemo\/wp-json\/wp\/v2\/product"}],"about":[{"href":"https:\/\/server.idssoft.net\/idsdemo\/wp-json\/wp\/v2\/types\/product"}],"replies":[{"embeddable":true,"href":"https:\/\/server.idssoft.net\/idsdemo\/wp-json\/wp\/v2\/comments?post=11179"}],"wp:featuredmedia":[{"embeddable":true,"href":"https:\/\/server.idssoft.net\/idsdemo\/wp-json\/wp\/v2\/media\/11178"}],"wp:attachment":[{"href":"https:\/\/server.idssoft.net\/idsdemo\/wp-json\/wp\/v2\/media?parent=11179"}],"wp:term":[{"taxonomy":"product_cat","embeddable":true,"href":"https:\/\/server.idssoft.net\/idsdemo\/wp-json\/wp\/v2\/product_cat?post=11179"},{"taxonomy":"product_tag","embeddable":true,"href":"https:\/\/server.idssoft.net\/idsdemo\/wp-json\/wp\/v2\/product_tag?post=11179"}],"curies":[{"name":"wp","href":"https:\/\/api.w.org\/{rel}","templated":true}]}}