{"id":11183,"date":"2021-06-23T13:27:04","date_gmt":"2021-06-23T13:27:04","guid":{"rendered":"https:\/\/server.idssoft.net\/idsdemo\/producto\/tecladoraton-logitech-mk220-wireless-negro\/"},"modified":"2021-06-23T13:27:04","modified_gmt":"2021-06-23T13:27:04","slug":"tecladoraton-logitech-mk220-wireless-negro","status":"publish","type":"product","link":"https:\/\/server.idssoft.net\/idsdemo\/producto\/tecladoraton-logitech-mk220-wireless-negro\/","title":{"rendered":"TECLADO+RATON LOGITECH MK220 WIRELESS NEGRO"},"content":{"rendered":"<p>Logitech MK220. Interfaz del dispositivo: RF inal\u00e1mbrico, Uso recomendado: Oficina, Formato del teclado: Est\u00e1ndar. Color del producto: Negro. Alcance inal\u00e1mbrico: 10m, Indicadores LED: Poder, Estado. Interfaz de receptor inal\u00e1mbrico: USB. Alimenta<\/p>\n","protected":false},"excerpt":{"rendered":"<p>Logitech MK220. Interfaz del dispositivo: RF inal\u00e1mbrico, Uso recomendado: Oficina, Formato del teclado: Est\u00e1ndar. Color del producto: Negro. Alcance inal\u00e1mbrico: 10m, Indicadores LED: Poder, Estado. Interfaz de receptor inal\u00e1mbrico: USB. Alimenta<\/p>\n","protected":false},"featured_media":11182,"comment_status":"open","ping_status":"closed","template":"","meta":[],"product_cat":[567],"product_tag":[],"class_list":["post-11183","product","type-product","status-publish","has-post-thumbnail","hentry","product_cat-kit-teclado-raton","thunk-woo-product-list","opn-qv-enable","top-store-woo-hover-","top-store-single-product-tab-horizontal","top-store-shadow-","top-store-shadow-hover-"],"_links":{"self":[{"href":"https:\/\/server.idssoft.net\/idsdemo\/wp-json\/wp\/v2\/product\/11183","targetHints":{"allow":["GET"]}}],"collection":[{"href":"https:\/\/server.idssoft.net\/idsdemo\/wp-json\/wp\/v2\/product"}],"about":[{"href":"https:\/\/server.idssoft.net\/idsdemo\/wp-json\/wp\/v2\/types\/product"}],"replies":[{"embeddable":true,"href":"https:\/\/server.idssoft.net\/idsdemo\/wp-json\/wp\/v2\/comments?post=11183"}],"wp:featuredmedia":[{"embeddable":true,"href":"https:\/\/server.idssoft.net\/idsdemo\/wp-json\/wp\/v2\/media\/11182"}],"wp:attachment":[{"href":"https:\/\/server.idssoft.net\/idsdemo\/wp-json\/wp\/v2\/media?parent=11183"}],"wp:term":[{"taxonomy":"product_cat","embeddable":true,"href":"https:\/\/server.idssoft.net\/idsdemo\/wp-json\/wp\/v2\/product_cat?post=11183"},{"taxonomy":"product_tag","embeddable":true,"href":"https:\/\/server.idssoft.net\/idsdemo\/wp-json\/wp\/v2\/product_tag?post=11183"}],"curies":[{"name":"wp","href":"https:\/\/api.w.org\/{rel}","templated":true}]}}