{"id":11185,"date":"2021-06-23T13:27:08","date_gmt":"2021-06-23T13:27:08","guid":{"rendered":"https:\/\/server.idssoft.net\/idsdemo\/producto\/raton-wireless-mini-mouse-m187-negro-logitech\/"},"modified":"2021-06-23T13:27:08","modified_gmt":"2021-06-23T13:27:08","slug":"raton-wireless-mini-mouse-m187-negro-logitech","status":"publish","type":"product","link":"https:\/\/server.idssoft.net\/idsdemo\/producto\/raton-wireless-mini-mouse-m187-negro-logitech\/","title":{"rendered":"RATON WIRELESS MINI MOUSE M187 NEGRO LOGITECH"},"content":{"rendered":"<p>Logitech te presenta el Wireless Mini Mouse M-187, un rat\u00f3n de bolsillo que ofrece una fiabilidad m\u00e1xima.<br \/>Puedes llevar Mini Mouse a cualquier parte junto con el port\u00e1til, gracias a su dise\u00f1o extrapeque\u00f1o para llevar en el bolsillo. El min\u00fas<\/p>\n","protected":false},"excerpt":{"rendered":"<p>Logitech te presenta el Wireless Mini Mouse M-187, un rat\u00f3n de bolsillo que ofrece una fiabilidad m\u00e1xima.Puedes llevar Mini Mouse a cualquier parte junto con el port\u00e1til, gracias a su dise\u00f1o extrapeque\u00f1o para llevar en el bolsillo. El min\u00fas<\/p>\n","protected":false},"featured_media":11184,"comment_status":"open","ping_status":"closed","template":"","meta":[],"product_cat":[480],"product_tag":[],"class_list":["post-11185","product","type-product","status-publish","has-post-thumbnail","hentry","product_cat-ratones","thunk-woo-product-list","opn-qv-enable","top-store-woo-hover-","top-store-single-product-tab-horizontal","top-store-shadow-","top-store-shadow-hover-"],"_links":{"self":[{"href":"https:\/\/server.idssoft.net\/idsdemo\/wp-json\/wp\/v2\/product\/11185","targetHints":{"allow":["GET"]}}],"collection":[{"href":"https:\/\/server.idssoft.net\/idsdemo\/wp-json\/wp\/v2\/product"}],"about":[{"href":"https:\/\/server.idssoft.net\/idsdemo\/wp-json\/wp\/v2\/types\/product"}],"replies":[{"embeddable":true,"href":"https:\/\/server.idssoft.net\/idsdemo\/wp-json\/wp\/v2\/comments?post=11185"}],"wp:featuredmedia":[{"embeddable":true,"href":"https:\/\/server.idssoft.net\/idsdemo\/wp-json\/wp\/v2\/media\/11184"}],"wp:attachment":[{"href":"https:\/\/server.idssoft.net\/idsdemo\/wp-json\/wp\/v2\/media?parent=11185"}],"wp:term":[{"taxonomy":"product_cat","embeddable":true,"href":"https:\/\/server.idssoft.net\/idsdemo\/wp-json\/wp\/v2\/product_cat?post=11185"},{"taxonomy":"product_tag","embeddable":true,"href":"https:\/\/server.idssoft.net\/idsdemo\/wp-json\/wp\/v2\/product_tag?post=11185"}],"curies":[{"name":"wp","href":"https:\/\/api.w.org\/{rel}","templated":true}]}}