{"id":11205,"date":"2021-06-23T13:27:46","date_gmt":"2021-06-23T13:27:46","guid":{"rendered":"https:\/\/server.idssoft.net\/idsdemo\/producto\/boton-audifono-a312-marron-0-mercurio-6-pcs-camelion\/"},"modified":"2021-06-23T13:27:46","modified_gmt":"2021-06-23T13:27:46","slug":"boton-audifono-a312-marron-0-mercurio-6-pcs-camelion","status":"publish","type":"product","link":"https:\/\/server.idssoft.net\/idsdemo\/producto\/boton-audifono-a312-marron-0-mercurio-6-pcs-camelion\/","title":{"rendered":"BOTON AUDIFONO A312\/MARRON 0% MERCURIO (6 PCS) CAMELION"},"content":{"rendered":"<p>Las pilas de aud\u00edfono de Camelion tienen 1.4V y se usan en varios campos. En este modelo, la diferencia es la composici\u00f3n qu\u00edmica, ya que NO lleva Mercurio (Hg) en su interior.<\/p>\n<p>Son pilas excelentes, anti-escapes para las sustancias qu\u00edm<\/p>\n","protected":false},"excerpt":{"rendered":"<p>Las pilas de aud\u00edfono de Camelion tienen 1.4V y se usan en varios campos. En este modelo, la diferencia es la composici\u00f3n qu\u00edmica, ya que NO lleva Mercurio (Hg) en su interior. Son pilas excelentes, anti-escapes para las sustancias qu\u00edm<\/p>\n","protected":false},"featured_media":11204,"comment_status":"open","ping_status":"closed","template":"","meta":[],"product_cat":[621],"product_tag":[],"class_list":["post-11205","product","type-product","status-publish","has-post-thumbnail","hentry","product_cat-pilas","thunk-woo-product-list","opn-qv-enable","top-store-woo-hover-","top-store-single-product-tab-horizontal","top-store-shadow-","top-store-shadow-hover-"],"_links":{"self":[{"href":"https:\/\/server.idssoft.net\/idsdemo\/wp-json\/wp\/v2\/product\/11205","targetHints":{"allow":["GET"]}}],"collection":[{"href":"https:\/\/server.idssoft.net\/idsdemo\/wp-json\/wp\/v2\/product"}],"about":[{"href":"https:\/\/server.idssoft.net\/idsdemo\/wp-json\/wp\/v2\/types\/product"}],"replies":[{"embeddable":true,"href":"https:\/\/server.idssoft.net\/idsdemo\/wp-json\/wp\/v2\/comments?post=11205"}],"wp:featuredmedia":[{"embeddable":true,"href":"https:\/\/server.idssoft.net\/idsdemo\/wp-json\/wp\/v2\/media\/11204"}],"wp:attachment":[{"href":"https:\/\/server.idssoft.net\/idsdemo\/wp-json\/wp\/v2\/media?parent=11205"}],"wp:term":[{"taxonomy":"product_cat","embeddable":true,"href":"https:\/\/server.idssoft.net\/idsdemo\/wp-json\/wp\/v2\/product_cat?post=11205"},{"taxonomy":"product_tag","embeddable":true,"href":"https:\/\/server.idssoft.net\/idsdemo\/wp-json\/wp\/v2\/product_tag?post=11205"}],"curies":[{"name":"wp","href":"https:\/\/api.w.org\/{rel}","templated":true}]}}