{"id":11213,"date":"2021-06-23T13:28:00","date_gmt":"2021-06-23T13:28:00","guid":{"rendered":"https:\/\/server.idssoft.net\/idsdemo\/producto\/cargador-de-corriente-quick-charge-3-0-cromad\/"},"modified":"2021-06-23T13:28:00","modified_gmt":"2021-06-23T13:28:00","slug":"cargador-de-corriente-quick-charge-3-0-cromad","status":"publish","type":"product","link":"https:\/\/server.idssoft.net\/idsdemo\/producto\/cargador-de-corriente-quick-charge-3-0-cromad\/","title":{"rendered":"Cargador de Corriente Quick Charge 3.0 CROMAD"},"content":{"rendered":"<p>Dise\u00f1ado para cargar hasta cuatro veces m\u00e1s r\u00e1pido un dispositivo que la carga convencional y dos veces m\u00e1s r\u00e1pido que la primera versi\u00f3n de su Quick Charge 1.0.<\/p>\n<p>Seguridad garantizada: Sobre corriente, exceso de carga, protecci\u00f3n contr<\/p>\n","protected":false},"excerpt":{"rendered":"<p>Dise\u00f1ado para cargar hasta cuatro veces m\u00e1s r\u00e1pido un dispositivo que la carga convencional y dos veces m\u00e1s r\u00e1pido que la primera versi\u00f3n de su Quick Charge 1.0. Seguridad garantizada: Sobre corriente, exceso de carga, protecci\u00f3n contr<\/p>\n","protected":false},"featured_media":11211,"comment_status":"open","ping_status":"closed","template":"","meta":[],"product_cat":[594],"product_tag":[],"class_list":["post-11213","product","type-product","status-publish","has-post-thumbnail","hentry","product_cat-cargadores-telfonos","thunk-woo-product-list","opn-qv-enable","top-store-woo-hover-","top-store-single-product-tab-horizontal","top-store-shadow-","top-store-shadow-hover-"],"_links":{"self":[{"href":"https:\/\/server.idssoft.net\/idsdemo\/wp-json\/wp\/v2\/product\/11213","targetHints":{"allow":["GET"]}}],"collection":[{"href":"https:\/\/server.idssoft.net\/idsdemo\/wp-json\/wp\/v2\/product"}],"about":[{"href":"https:\/\/server.idssoft.net\/idsdemo\/wp-json\/wp\/v2\/types\/product"}],"replies":[{"embeddable":true,"href":"https:\/\/server.idssoft.net\/idsdemo\/wp-json\/wp\/v2\/comments?post=11213"}],"wp:featuredmedia":[{"embeddable":true,"href":"https:\/\/server.idssoft.net\/idsdemo\/wp-json\/wp\/v2\/media\/11211"}],"wp:attachment":[{"href":"https:\/\/server.idssoft.net\/idsdemo\/wp-json\/wp\/v2\/media?parent=11213"}],"wp:term":[{"taxonomy":"product_cat","embeddable":true,"href":"https:\/\/server.idssoft.net\/idsdemo\/wp-json\/wp\/v2\/product_cat?post=11213"},{"taxonomy":"product_tag","embeddable":true,"href":"https:\/\/server.idssoft.net\/idsdemo\/wp-json\/wp\/v2\/product_tag?post=11213"}],"curies":[{"name":"wp","href":"https:\/\/api.w.org\/{rel}","templated":true}]}}