{"id":11219,"date":"2021-06-23T13:28:09","date_gmt":"2021-06-23T13:28:09","guid":{"rendered":"https:\/\/server.idssoft.net\/idsdemo\/producto\/bateria-powerbank-cromad-5500mah-tipo-c-2-1a-plata\/"},"modified":"2021-06-23T13:28:09","modified_gmt":"2021-06-23T13:28:09","slug":"bateria-powerbank-cromad-5500mah-tipo-c-2-1a-plata","status":"publish","type":"product","link":"https:\/\/server.idssoft.net\/idsdemo\/producto\/bateria-powerbank-cromad-5500mah-tipo-c-2-1a-plata\/","title":{"rendered":"Bateria PowerBank CROMAD 5500mAh | Tipo C | 2.1A | Plata"},"content":{"rendered":"<p>&#8211; F\u00e1cil de transportar<br \/>&#8211; 600 ciclos de carga<br \/>&#8211; Carga r\u00e1pida<br \/>&#8211; Resistente<br \/>&#8211; Estabilidad y protecci\u00f3n<br \/>&#8211; Compatible con infinidad de dispositivos<br \/>&#8211; Dise\u00f1o ultra fino. <br \/>&#8211; 5 VDC\/2.1A de salida<br \/>&#8211; Capacidad de 5500<\/p>\n","protected":false},"excerpt":{"rendered":"<p>&#8211; F\u00e1cil de transportar&#8211; 600 ciclos de carga&#8211; Carga r\u00e1pida&#8211; Resistente&#8211; Estabilidad y protecci\u00f3n&#8211; Compatible con infinidad de dispositivos&#8211; Dise\u00f1o ultra fino. &#8211; 5 VDC\/2.1A de salida&#8211; Capacidad de 5500<\/p>\n","protected":false},"featured_media":11217,"comment_status":"open","ping_status":"closed","template":"","meta":[],"product_cat":[493],"product_tag":[],"class_list":["post-11219","product","type-product","status-publish","has-post-thumbnail","hentry","product_cat-powerbank","thunk-woo-product-list","opn-qv-enable","top-store-woo-hover-","top-store-single-product-tab-horizontal","top-store-shadow-","top-store-shadow-hover-"],"_links":{"self":[{"href":"https:\/\/server.idssoft.net\/idsdemo\/wp-json\/wp\/v2\/product\/11219","targetHints":{"allow":["GET"]}}],"collection":[{"href":"https:\/\/server.idssoft.net\/idsdemo\/wp-json\/wp\/v2\/product"}],"about":[{"href":"https:\/\/server.idssoft.net\/idsdemo\/wp-json\/wp\/v2\/types\/product"}],"replies":[{"embeddable":true,"href":"https:\/\/server.idssoft.net\/idsdemo\/wp-json\/wp\/v2\/comments?post=11219"}],"wp:featuredmedia":[{"embeddable":true,"href":"https:\/\/server.idssoft.net\/idsdemo\/wp-json\/wp\/v2\/media\/11217"}],"wp:attachment":[{"href":"https:\/\/server.idssoft.net\/idsdemo\/wp-json\/wp\/v2\/media?parent=11219"}],"wp:term":[{"taxonomy":"product_cat","embeddable":true,"href":"https:\/\/server.idssoft.net\/idsdemo\/wp-json\/wp\/v2\/product_cat?post=11219"},{"taxonomy":"product_tag","embeddable":true,"href":"https:\/\/server.idssoft.net\/idsdemo\/wp-json\/wp\/v2\/product_tag?post=11219"}],"curies":[{"name":"wp","href":"https:\/\/api.w.org\/{rel}","templated":true}]}}