{"id":11228,"date":"2021-06-23T13:28:25","date_gmt":"2021-06-23T13:28:25","guid":{"rendered":"https:\/\/server.idssoft.net\/idsdemo\/producto\/cargador-de-mechero-9-6a-cromad-4-x-usb-negro\/"},"modified":"2021-06-23T13:28:25","modified_gmt":"2021-06-23T13:28:25","slug":"cargador-de-mechero-9-6a-cromad-4-x-usb-negro","status":"publish","type":"product","link":"https:\/\/server.idssoft.net\/idsdemo\/producto\/cargador-de-mechero-9-6a-cromad-4-x-usb-negro\/","title":{"rendered":"Cargador de Mechero 9.6A CROMAD 4 x USB NEGRO"},"content":{"rendered":"<p>Con 2 puertos para los asientos frontales y 2 para la parte posterior, <br \/>La longitud del cable de 1.8Metros facilita el c\u00f3modo posicionamiento del m\u00f3dulo posterior. <br \/>Viene con una pinza extraible para la fijaci\u00f3n en el bolsillo del asiento.&lt;<\/p>\n","protected":false},"excerpt":{"rendered":"<p>Con 2 puertos para los asientos frontales y 2 para la parte posterior, La longitud del cable de 1.8Metros facilita el c\u00f3modo posicionamiento del m\u00f3dulo posterior. Viene con una pinza extraible para la fijaci\u00f3n en el bolsillo del asiento.&lt;<\/p>\n","protected":false},"featured_media":11226,"comment_status":"open","ping_status":"closed","template":"","meta":[],"product_cat":[643],"product_tag":[],"class_list":["post-11228","product","type-product","status-publish","has-post-thumbnail","hentry","product_cat-cargadores-tfno-coche","thunk-woo-product-list","opn-qv-enable","top-store-woo-hover-","top-store-single-product-tab-horizontal","top-store-shadow-","top-store-shadow-hover-"],"_links":{"self":[{"href":"https:\/\/server.idssoft.net\/idsdemo\/wp-json\/wp\/v2\/product\/11228","targetHints":{"allow":["GET"]}}],"collection":[{"href":"https:\/\/server.idssoft.net\/idsdemo\/wp-json\/wp\/v2\/product"}],"about":[{"href":"https:\/\/server.idssoft.net\/idsdemo\/wp-json\/wp\/v2\/types\/product"}],"replies":[{"embeddable":true,"href":"https:\/\/server.idssoft.net\/idsdemo\/wp-json\/wp\/v2\/comments?post=11228"}],"wp:featuredmedia":[{"embeddable":true,"href":"https:\/\/server.idssoft.net\/idsdemo\/wp-json\/wp\/v2\/media\/11226"}],"wp:attachment":[{"href":"https:\/\/server.idssoft.net\/idsdemo\/wp-json\/wp\/v2\/media?parent=11228"}],"wp:term":[{"taxonomy":"product_cat","embeddable":true,"href":"https:\/\/server.idssoft.net\/idsdemo\/wp-json\/wp\/v2\/product_cat?post=11228"},{"taxonomy":"product_tag","embeddable":true,"href":"https:\/\/server.idssoft.net\/idsdemo\/wp-json\/wp\/v2\/product_tag?post=11228"}],"curies":[{"name":"wp","href":"https:\/\/api.w.org\/{rel}","templated":true}]}}