{"id":11258,"date":"2021-06-23T13:29:15","date_gmt":"2021-06-23T13:29:15","guid":{"rendered":"https:\/\/server.idssoft.net\/idsdemo\/producto\/maquina-envasadora-al-vacio-muvip\/"},"modified":"2021-06-23T13:29:15","modified_gmt":"2021-06-23T13:29:15","slug":"maquina-envasadora-al-vacio-muvip","status":"publish","type":"product","link":"https:\/\/server.idssoft.net\/idsdemo\/producto\/maquina-envasadora-al-vacio-muvip\/","title":{"rendered":"MAQUINA ENVASADORA AL VACIO MUVIP"},"content":{"rendered":"<p>&#8211; Dise\u00f1o compacto y potente motor.<br \/>&#8211; 4 Funciones: vac\u00edo, sellado, parada, vac\u00edo + sellado<br \/>&#8211; Luces indicadoras LED para mostrar funcionamiento<br \/>&#8211; Operaci\u00f3n en un toque.<br \/>&#8211; Potencia: 110W, 230V \/ 50Hz<br \/>&#8211; Presi\u00f3n de vacio: hasta 0.8<\/p>\n","protected":false},"excerpt":{"rendered":"<p>&#8211; Dise\u00f1o compacto y potente motor.&#8211; 4 Funciones: vac\u00edo, sellado, parada, vac\u00edo + sellado&#8211; Luces indicadoras LED para mostrar funcionamiento&#8211; Operaci\u00f3n en un toque.&#8211; Potencia: 110W, 230V \/ 50Hz&#8211; Presi\u00f3n de vacio: hasta 0.8<\/p>\n","protected":false},"featured_media":11256,"comment_status":"open","ping_status":"closed","template":"","meta":[],"product_cat":[508],"product_tag":[],"class_list":["post-11258","product","type-product","status-publish","has-post-thumbnail","hentry","product_cat-para-el-chef","thunk-woo-product-list","opn-qv-enable","top-store-woo-hover-","top-store-single-product-tab-horizontal","top-store-shadow-","top-store-shadow-hover-"],"_links":{"self":[{"href":"https:\/\/server.idssoft.net\/idsdemo\/wp-json\/wp\/v2\/product\/11258","targetHints":{"allow":["GET"]}}],"collection":[{"href":"https:\/\/server.idssoft.net\/idsdemo\/wp-json\/wp\/v2\/product"}],"about":[{"href":"https:\/\/server.idssoft.net\/idsdemo\/wp-json\/wp\/v2\/types\/product"}],"replies":[{"embeddable":true,"href":"https:\/\/server.idssoft.net\/idsdemo\/wp-json\/wp\/v2\/comments?post=11258"}],"wp:featuredmedia":[{"embeddable":true,"href":"https:\/\/server.idssoft.net\/idsdemo\/wp-json\/wp\/v2\/media\/11256"}],"wp:attachment":[{"href":"https:\/\/server.idssoft.net\/idsdemo\/wp-json\/wp\/v2\/media?parent=11258"}],"wp:term":[{"taxonomy":"product_cat","embeddable":true,"href":"https:\/\/server.idssoft.net\/idsdemo\/wp-json\/wp\/v2\/product_cat?post=11258"},{"taxonomy":"product_tag","embeddable":true,"href":"https:\/\/server.idssoft.net\/idsdemo\/wp-json\/wp\/v2\/product_tag?post=11258"}],"curies":[{"name":"wp","href":"https:\/\/api.w.org\/{rel}","templated":true}]}}