{"id":11261,"date":"2021-06-23T13:29:20","date_gmt":"2021-06-23T13:29:20","guid":{"rendered":"https:\/\/server.idssoft.net\/idsdemo\/producto\/raton-gaming-g320-8d-profesional-cromad\/"},"modified":"2021-06-23T13:29:20","modified_gmt":"2021-06-23T13:29:20","slug":"raton-gaming-g320-8d-profesional-cromad","status":"publish","type":"product","link":"https:\/\/server.idssoft.net\/idsdemo\/producto\/raton-gaming-g320-8d-profesional-cromad\/","title":{"rendered":"Raton GAMING G320 8D Profesional CROMAD"},"content":{"rendered":"<p>Los jugadores profesionales y los m\u00e1s apasionados saben que un rat\u00f3n fiable y preciso puede marcar la diferencia entre la victoria y la derrota. El rat\u00f3n Gaming G320 de Cromad utiliza el sensor de eficacia probada Insta 704 para proporcionar un seg<\/p>\n","protected":false},"excerpt":{"rendered":"<p>Los jugadores profesionales y los m\u00e1s apasionados saben que un rat\u00f3n fiable y preciso puede marcar la diferencia entre la victoria y la derrota. El rat\u00f3n Gaming G320 de Cromad utiliza el sensor de eficacia probada Insta 704 para proporcionar un seg<\/p>\n","protected":false},"featured_media":11259,"comment_status":"open","ping_status":"closed","template":"","meta":[],"product_cat":[461],"product_tag":[],"class_list":["post-11261","product","type-product","status-publish","has-post-thumbnail","hentry","product_cat-teclados-y-ratones-gaming","thunk-woo-product-list","opn-qv-enable","top-store-woo-hover-","top-store-single-product-tab-horizontal","top-store-shadow-","top-store-shadow-hover-"],"_links":{"self":[{"href":"https:\/\/server.idssoft.net\/idsdemo\/wp-json\/wp\/v2\/product\/11261","targetHints":{"allow":["GET"]}}],"collection":[{"href":"https:\/\/server.idssoft.net\/idsdemo\/wp-json\/wp\/v2\/product"}],"about":[{"href":"https:\/\/server.idssoft.net\/idsdemo\/wp-json\/wp\/v2\/types\/product"}],"replies":[{"embeddable":true,"href":"https:\/\/server.idssoft.net\/idsdemo\/wp-json\/wp\/v2\/comments?post=11261"}],"wp:featuredmedia":[{"embeddable":true,"href":"https:\/\/server.idssoft.net\/idsdemo\/wp-json\/wp\/v2\/media\/11259"}],"wp:attachment":[{"href":"https:\/\/server.idssoft.net\/idsdemo\/wp-json\/wp\/v2\/media?parent=11261"}],"wp:term":[{"taxonomy":"product_cat","embeddable":true,"href":"https:\/\/server.idssoft.net\/idsdemo\/wp-json\/wp\/v2\/product_cat?post=11261"},{"taxonomy":"product_tag","embeddable":true,"href":"https:\/\/server.idssoft.net\/idsdemo\/wp-json\/wp\/v2\/product_tag?post=11261"}],"curies":[{"name":"wp","href":"https:\/\/api.w.org\/{rel}","templated":true}]}}