{"id":11289,"date":"2021-06-23T13:30:12","date_gmt":"2021-06-23T13:30:12","guid":{"rendered":"https:\/\/server.idssoft.net\/idsdemo\/producto\/funda-universal-3go-csgt19-rosa-para-tablets-10-1-25-6cm\/"},"modified":"2021-06-23T13:30:12","modified_gmt":"2021-06-23T13:30:12","slug":"funda-universal-3go-csgt19-rosa-para-tablets-10-1-25-6cm","status":"publish","type":"product","link":"https:\/\/server.idssoft.net\/idsdemo\/producto\/funda-universal-3go-csgt19-rosa-para-tablets-10-1-25-6cm\/","title":{"rendered":"FUNDA UNIVERSAL 3GO CSGT19 ROSA &#8211; PARA TABLETS 10.1\/25.6CM"},"content":{"rendered":"<p>Te presentamos la funda Universal CSGT de 3go, la m\u00e1s elegante y resistente protecci\u00f3n para tu Tablet de 10&#8242;. En su interior hasta dos niveles de inclinaci\u00f3n, adem\u00e1s, las nuevas fundas 3go disponen de soporte rotatorio con el que podr\u00e1s utilizar<\/p>\n","protected":false},"excerpt":{"rendered":"<p>Te presentamos la funda Universal CSGT de 3go, la m\u00e1s elegante y resistente protecci\u00f3n para tu Tablet de 10&#8242;. En su interior hasta dos niveles de inclinaci\u00f3n, adem\u00e1s, las nuevas fundas 3go disponen de soporte rotatorio con el que podr\u00e1s utilizar<\/p>\n","protected":false},"featured_media":11288,"comment_status":"open","ping_status":"closed","template":"","meta":[],"product_cat":[494],"product_tag":[],"class_list":["post-11289","product","type-product","status-publish","has-post-thumbnail","hentry","product_cat-accesorios-tablets","thunk-woo-product-list","opn-qv-enable","top-store-woo-hover-","top-store-single-product-tab-horizontal","top-store-shadow-","top-store-shadow-hover-"],"_links":{"self":[{"href":"https:\/\/server.idssoft.net\/idsdemo\/wp-json\/wp\/v2\/product\/11289","targetHints":{"allow":["GET"]}}],"collection":[{"href":"https:\/\/server.idssoft.net\/idsdemo\/wp-json\/wp\/v2\/product"}],"about":[{"href":"https:\/\/server.idssoft.net\/idsdemo\/wp-json\/wp\/v2\/types\/product"}],"replies":[{"embeddable":true,"href":"https:\/\/server.idssoft.net\/idsdemo\/wp-json\/wp\/v2\/comments?post=11289"}],"wp:featuredmedia":[{"embeddable":true,"href":"https:\/\/server.idssoft.net\/idsdemo\/wp-json\/wp\/v2\/media\/11288"}],"wp:attachment":[{"href":"https:\/\/server.idssoft.net\/idsdemo\/wp-json\/wp\/v2\/media?parent=11289"}],"wp:term":[{"taxonomy":"product_cat","embeddable":true,"href":"https:\/\/server.idssoft.net\/idsdemo\/wp-json\/wp\/v2\/product_cat?post=11289"},{"taxonomy":"product_tag","embeddable":true,"href":"https:\/\/server.idssoft.net\/idsdemo\/wp-json\/wp\/v2\/product_tag?post=11289"}],"curies":[{"name":"wp","href":"https:\/\/api.w.org\/{rel}","templated":true}]}}