{"id":11295,"date":"2021-06-23T13:30:30","date_gmt":"2021-06-23T13:30:30","guid":{"rendered":"https:\/\/server.idssoft.net\/idsdemo\/producto\/raton-y-alfombrilla-gaming-trust-ziva-boton-seleccion-velo\/"},"modified":"2021-06-23T13:30:30","modified_gmt":"2021-06-23T13:30:30","slug":"raton-y-alfombrilla-gaming-trust-ziva-boton-seleccion-velo","status":"publish","type":"product","link":"https:\/\/server.idssoft.net\/idsdemo\/producto\/raton-y-alfombrilla-gaming-trust-ziva-boton-seleccion-velo\/","title":{"rendered":"RAT\u00d3N Y ALFOMBRILLA GAMING TRUST ZIVA &#8211; BOT\u00d3N SELECCI\u00d3N VELO"},"content":{"rendered":"<p>Rat\u00f3n<br \/>6 botones de respuesta<br \/>Cubierta de goma para un perfecto agarre<br \/>Rueda de desplazamiento y retroiluminaci\u00f3n<br \/>Bot\u00f3n de selecci\u00f3n de velocidad (1000 &#8211; 1600 &#8211; 2200 &#8211; 3000 ppp)<br \/>Alfombrilla para rat\u00f3n<br \/>Superficie de textura<\/p>\n","protected":false},"excerpt":{"rendered":"<p>Rat\u00f3n6 botones de respuestaCubierta de goma para un perfecto agarreRueda de desplazamiento y retroiluminaci\u00f3nBot\u00f3n de selecci\u00f3n de velocidad (1000 &#8211; 1600 &#8211; 2200 &#8211; 3000 ppp)Alfombrilla para rat\u00f3nSuperficie de textura<\/p>\n","protected":false},"featured_media":11294,"comment_status":"open","ping_status":"closed","template":"","meta":[],"product_cat":[461],"product_tag":[],"class_list":["post-11295","product","type-product","status-publish","has-post-thumbnail","hentry","product_cat-teclados-y-ratones-gaming","thunk-woo-product-list","opn-qv-enable","top-store-woo-hover-","top-store-single-product-tab-horizontal","top-store-shadow-","top-store-shadow-hover-"],"_links":{"self":[{"href":"https:\/\/server.idssoft.net\/idsdemo\/wp-json\/wp\/v2\/product\/11295","targetHints":{"allow":["GET"]}}],"collection":[{"href":"https:\/\/server.idssoft.net\/idsdemo\/wp-json\/wp\/v2\/product"}],"about":[{"href":"https:\/\/server.idssoft.net\/idsdemo\/wp-json\/wp\/v2\/types\/product"}],"replies":[{"embeddable":true,"href":"https:\/\/server.idssoft.net\/idsdemo\/wp-json\/wp\/v2\/comments?post=11295"}],"wp:featuredmedia":[{"embeddable":true,"href":"https:\/\/server.idssoft.net\/idsdemo\/wp-json\/wp\/v2\/media\/11294"}],"wp:attachment":[{"href":"https:\/\/server.idssoft.net\/idsdemo\/wp-json\/wp\/v2\/media?parent=11295"}],"wp:term":[{"taxonomy":"product_cat","embeddable":true,"href":"https:\/\/server.idssoft.net\/idsdemo\/wp-json\/wp\/v2\/product_cat?post=11295"},{"taxonomy":"product_tag","embeddable":true,"href":"https:\/\/server.idssoft.net\/idsdemo\/wp-json\/wp\/v2\/product_tag?post=11295"}],"curies":[{"name":"wp","href":"https:\/\/api.w.org\/{rel}","templated":true}]}}