{"id":11299,"date":"2021-06-23T13:30:38","date_gmt":"2021-06-23T13:30:38","guid":{"rendered":"https:\/\/server.idssoft.net\/idsdemo\/producto\/cargador-original-speedo-smart-balance\/"},"modified":"2021-06-23T13:30:38","modified_gmt":"2021-06-23T13:30:38","slug":"cargador-original-speedo-smart-balance","status":"publish","type":"product","link":"https:\/\/server.idssoft.net\/idsdemo\/producto\/cargador-original-speedo-smart-balance\/","title":{"rendered":"CARGADOR ORIGINAL SPEEDO SMART BALANCE"},"content":{"rendered":"<p>Modo de uso<br \/>Conectar el cargador a la corriente el\u00e9ctrica y el otro extremo al scooter, en pocas horas podr\u00e1s tener tu Scooter Smart Balance N6 listo para ti.<\/p>\n<p>IMPORTANTE: Este cargador es dise\u00f1ado para el Scooter Smart Balance N6, util<\/p>\n","protected":false},"excerpt":{"rendered":"<p>Modo de usoConectar el cargador a la corriente el\u00e9ctrica y el otro extremo al scooter, en pocas horas podr\u00e1s tener tu Scooter Smart Balance N6 listo para ti. IMPORTANTE: Este cargador es dise\u00f1ado para el Scooter Smart Balance N6, util<\/p>\n","protected":false},"featured_media":11298,"comment_status":"open","ping_status":"closed","template":"","meta":[],"product_cat":[462],"product_tag":[],"class_list":["post-11299","product","type-product","status-publish","has-post-thumbnail","hentry","product_cat-patinetes-y-accesorios","thunk-woo-product-list","opn-qv-enable","top-store-woo-hover-","top-store-single-product-tab-horizontal","top-store-shadow-","top-store-shadow-hover-"],"_links":{"self":[{"href":"https:\/\/server.idssoft.net\/idsdemo\/wp-json\/wp\/v2\/product\/11299","targetHints":{"allow":["GET"]}}],"collection":[{"href":"https:\/\/server.idssoft.net\/idsdemo\/wp-json\/wp\/v2\/product"}],"about":[{"href":"https:\/\/server.idssoft.net\/idsdemo\/wp-json\/wp\/v2\/types\/product"}],"replies":[{"embeddable":true,"href":"https:\/\/server.idssoft.net\/idsdemo\/wp-json\/wp\/v2\/comments?post=11299"}],"wp:featuredmedia":[{"embeddable":true,"href":"https:\/\/server.idssoft.net\/idsdemo\/wp-json\/wp\/v2\/media\/11298"}],"wp:attachment":[{"href":"https:\/\/server.idssoft.net\/idsdemo\/wp-json\/wp\/v2\/media?parent=11299"}],"wp:term":[{"taxonomy":"product_cat","embeddable":true,"href":"https:\/\/server.idssoft.net\/idsdemo\/wp-json\/wp\/v2\/product_cat?post=11299"},{"taxonomy":"product_tag","embeddable":true,"href":"https:\/\/server.idssoft.net\/idsdemo\/wp-json\/wp\/v2\/product_tag?post=11299"}],"curies":[{"name":"wp","href":"https:\/\/api.w.org\/{rel}","templated":true}]}}