{"id":11319,"date":"2021-06-23T13:31:11","date_gmt":"2021-06-23T13:31:11","guid":{"rendered":"https:\/\/server.idssoft.net\/idsdemo\/producto\/auricular-microfono-urban-mic-azul-coolsound\/"},"modified":"2021-06-23T13:31:11","modified_gmt":"2021-06-23T13:31:11","slug":"auricular-microfono-urban-mic-azul-coolsound","status":"publish","type":"product","link":"https:\/\/server.idssoft.net\/idsdemo\/producto\/auricular-microfono-urban-mic-azul-coolsound\/","title":{"rendered":"Auricular + Micr\u00f3fono URBAN MIC Azul COOLSOUND"},"content":{"rendered":"<p>Experimenta la sensaci\u00f3n de escuchar m\u00fasica sin llevar peso !! Disfruta de la mejor calidad de sonido con los Auriculares URBAN MIC de COOLSOUND, con suaves agudos y poderosos graves. Ideal para la pr\u00e1ctica de deporte gracias a su reducido peso y t<\/p>\n","protected":false},"excerpt":{"rendered":"<p>Experimenta la sensaci\u00f3n de escuchar m\u00fasica sin llevar peso !! Disfruta de la mejor calidad de sonido con los Auriculares URBAN MIC de COOLSOUND, con suaves agudos y poderosos graves. Ideal para la pr\u00e1ctica de deporte gracias a su reducido peso y t<\/p>\n","protected":false},"featured_media":11317,"comment_status":"open","ping_status":"closed","template":"","meta":[],"product_cat":[474],"product_tag":[],"class_list":["post-11319","product","type-product","status-publish","has-post-thumbnail","hentry","product_cat-auriculares-con-cable","thunk-woo-product-list","opn-qv-enable","top-store-woo-hover-","top-store-single-product-tab-horizontal","top-store-shadow-","top-store-shadow-hover-"],"_links":{"self":[{"href":"https:\/\/server.idssoft.net\/idsdemo\/wp-json\/wp\/v2\/product\/11319","targetHints":{"allow":["GET"]}}],"collection":[{"href":"https:\/\/server.idssoft.net\/idsdemo\/wp-json\/wp\/v2\/product"}],"about":[{"href":"https:\/\/server.idssoft.net\/idsdemo\/wp-json\/wp\/v2\/types\/product"}],"replies":[{"embeddable":true,"href":"https:\/\/server.idssoft.net\/idsdemo\/wp-json\/wp\/v2\/comments?post=11319"}],"wp:featuredmedia":[{"embeddable":true,"href":"https:\/\/server.idssoft.net\/idsdemo\/wp-json\/wp\/v2\/media\/11317"}],"wp:attachment":[{"href":"https:\/\/server.idssoft.net\/idsdemo\/wp-json\/wp\/v2\/media?parent=11319"}],"wp:term":[{"taxonomy":"product_cat","embeddable":true,"href":"https:\/\/server.idssoft.net\/idsdemo\/wp-json\/wp\/v2\/product_cat?post=11319"},{"taxonomy":"product_tag","embeddable":true,"href":"https:\/\/server.idssoft.net\/idsdemo\/wp-json\/wp\/v2\/product_tag?post=11319"}],"curies":[{"name":"wp","href":"https:\/\/api.w.org\/{rel}","templated":true}]}}