{"id":11334,"date":"2021-06-23T13:31:35","date_gmt":"2021-06-23T13:31:35","guid":{"rendered":"https:\/\/server.idssoft.net\/idsdemo\/producto\/bascula-de-cocina-digital-expert-chef-muvip\/"},"modified":"2021-06-23T13:31:35","modified_gmt":"2021-06-23T13:31:35","slug":"bascula-de-cocina-digital-expert-chef-muvip","status":"publish","type":"product","link":"https:\/\/server.idssoft.net\/idsdemo\/producto\/bascula-de-cocina-digital-expert-chef-muvip\/","title":{"rendered":"BASCULA DE COCINA DIGITAL EXPERT CHEF MUVIP"},"content":{"rendered":"<p>&#8211; Sensor de calibraci\u00f3n de alta precisi\u00f3n<br \/>&#8211; Incluye Bol que realiza tambi\u00e9n la funci\u00f3n de tapa.<br \/>&#8211; Apagado autom\u00e1tico<br \/>&#8211; Funcion TARA<br \/>&#8211; Gran pantalla LCD con botonera t\u00e1ctil<br \/>&#8211; Iluminaci\u00f3n interior<br \/>&#8211; Indicador de bateria ba<\/p>\n","protected":false},"excerpt":{"rendered":"<p>&#8211; Sensor de calibraci\u00f3n de alta precisi\u00f3n&#8211; Incluye Bol que realiza tambi\u00e9n la funci\u00f3n de tapa.&#8211; Apagado autom\u00e1tico&#8211; Funcion TARA&#8211; Gran pantalla LCD con botonera t\u00e1ctil&#8211; Iluminaci\u00f3n interior&#8211; Indicador de bateria ba<\/p>\n","protected":false},"featured_media":11332,"comment_status":"open","ping_status":"closed","template":"","meta":[],"product_cat":[507],"product_tag":[],"class_list":["post-11334","product","type-product","status-publish","has-post-thumbnail","hentry","product_cat-basculas-de-cocina","thunk-woo-product-list","opn-qv-enable","top-store-woo-hover-","top-store-single-product-tab-horizontal","top-store-shadow-","top-store-shadow-hover-"],"_links":{"self":[{"href":"https:\/\/server.idssoft.net\/idsdemo\/wp-json\/wp\/v2\/product\/11334","targetHints":{"allow":["GET"]}}],"collection":[{"href":"https:\/\/server.idssoft.net\/idsdemo\/wp-json\/wp\/v2\/product"}],"about":[{"href":"https:\/\/server.idssoft.net\/idsdemo\/wp-json\/wp\/v2\/types\/product"}],"replies":[{"embeddable":true,"href":"https:\/\/server.idssoft.net\/idsdemo\/wp-json\/wp\/v2\/comments?post=11334"}],"wp:featuredmedia":[{"embeddable":true,"href":"https:\/\/server.idssoft.net\/idsdemo\/wp-json\/wp\/v2\/media\/11332"}],"wp:attachment":[{"href":"https:\/\/server.idssoft.net\/idsdemo\/wp-json\/wp\/v2\/media?parent=11334"}],"wp:term":[{"taxonomy":"product_cat","embeddable":true,"href":"https:\/\/server.idssoft.net\/idsdemo\/wp-json\/wp\/v2\/product_cat?post=11334"},{"taxonomy":"product_tag","embeddable":true,"href":"https:\/\/server.idssoft.net\/idsdemo\/wp-json\/wp\/v2\/product_tag?post=11334"}],"curies":[{"name":"wp","href":"https:\/\/api.w.org\/{rel}","templated":true}]}}