{"id":11338,"date":"2021-06-23T13:31:40","date_gmt":"2021-06-23T13:31:40","guid":{"rendered":"https:\/\/server.idssoft.net\/idsdemo\/producto\/bascula-digital-bano-muvip\/"},"modified":"2021-06-23T13:31:40","modified_gmt":"2021-06-23T13:31:40","slug":"bascula-digital-bano-muvip","status":"publish","type":"product","link":"https:\/\/server.idssoft.net\/idsdemo\/producto\/bascula-digital-bano-muvip\/","title":{"rendered":"BASCULA DIGITAL BA\u00d1O MUVIP"},"content":{"rendered":"<p>&#8211; Capacidad: 180Kg<br \/>&#8211; Sensores alta precisi\u00f3n<br \/>&#8211; Apagado autom\u00e1tico<br \/>&#8211; Indicador de bateria baja y sobrecarga<br \/>&#8211; Encendido autom\u00e1tico tras presionar. <br \/>&#8211; Graduaci\u00f3n: 100gr<br \/>&#8211; Dimensiones: 300x300x20mm<br \/>. Dimensiones LCD: 74&#215;28<\/p>\n","protected":false},"excerpt":{"rendered":"<p>&#8211; Capacidad: 180Kg&#8211; Sensores alta precisi\u00f3n&#8211; Apagado autom\u00e1tico&#8211; Indicador de bateria baja y sobrecarga&#8211; Encendido autom\u00e1tico tras presionar. &#8211; Graduaci\u00f3n: 100gr&#8211; Dimensiones: 300x300x20mm. Dimensiones LCD: 74&#215;28<\/p>\n","protected":false},"featured_media":11335,"comment_status":"open","ping_status":"closed","template":"","meta":[],"product_cat":[510],"product_tag":[],"class_list":["post-11338","product","type-product","status-publish","has-post-thumbnail","hentry","product_cat-basculas-bao","thunk-woo-product-list","opn-qv-enable","top-store-woo-hover-","top-store-single-product-tab-horizontal","top-store-shadow-","top-store-shadow-hover-"],"_links":{"self":[{"href":"https:\/\/server.idssoft.net\/idsdemo\/wp-json\/wp\/v2\/product\/11338","targetHints":{"allow":["GET"]}}],"collection":[{"href":"https:\/\/server.idssoft.net\/idsdemo\/wp-json\/wp\/v2\/product"}],"about":[{"href":"https:\/\/server.idssoft.net\/idsdemo\/wp-json\/wp\/v2\/types\/product"}],"replies":[{"embeddable":true,"href":"https:\/\/server.idssoft.net\/idsdemo\/wp-json\/wp\/v2\/comments?post=11338"}],"wp:featuredmedia":[{"embeddable":true,"href":"https:\/\/server.idssoft.net\/idsdemo\/wp-json\/wp\/v2\/media\/11335"}],"wp:attachment":[{"href":"https:\/\/server.idssoft.net\/idsdemo\/wp-json\/wp\/v2\/media?parent=11338"}],"wp:term":[{"taxonomy":"product_cat","embeddable":true,"href":"https:\/\/server.idssoft.net\/idsdemo\/wp-json\/wp\/v2\/product_cat?post=11338"},{"taxonomy":"product_tag","embeddable":true,"href":"https:\/\/server.idssoft.net\/idsdemo\/wp-json\/wp\/v2\/product_tag?post=11338"}],"curies":[{"name":"wp","href":"https:\/\/api.w.org\/{rel}","templated":true}]}}