{"id":11365,"date":"2021-06-23T13:32:19","date_gmt":"2021-06-23T13:32:19","guid":{"rendered":"https:\/\/server.idssoft.net\/idsdemo\/producto\/kit-soporte-para-monitores-sin-vesa-cromad\/"},"modified":"2021-06-23T13:32:19","modified_gmt":"2021-06-23T13:32:19","slug":"kit-soporte-para-monitores-sin-vesa-cromad","status":"publish","type":"product","link":"https:\/\/server.idssoft.net\/idsdemo\/producto\/kit-soporte-para-monitores-sin-vesa-cromad\/","title":{"rendered":"KIT SOPORTE PARA MONITORES SIN VESA CROMAD"},"content":{"rendered":"<p>El CR0867 de CROMAD ofrece una innovadora soluci\u00f3n de montaje para montar monitores sin compatibilidad VESA. El adaptador est\u00e1 dise\u00f1ado para adaptarse a cualquier montaje de monitor VESA con orificios de montaje de 75&#215;75 y 100x100mm, e incluye todo<\/p>\n","protected":false},"excerpt":{"rendered":"<p>El CR0867 de CROMAD ofrece una innovadora soluci\u00f3n de montaje para montar monitores sin compatibilidad VESA. El adaptador est\u00e1 dise\u00f1ado para adaptarse a cualquier montaje de monitor VESA con orificios de montaje de 75&#215;75 y 100x100mm, e incluye todo<\/p>\n","protected":false},"featured_media":11363,"comment_status":"open","ping_status":"closed","template":"","meta":[],"product_cat":[592],"product_tag":[],"class_list":["post-11365","product","type-product","status-publish","has-post-thumbnail","hentry","product_cat-otros-soportes","thunk-woo-product-list","opn-qv-enable","top-store-woo-hover-","top-store-single-product-tab-horizontal","top-store-shadow-","top-store-shadow-hover-"],"_links":{"self":[{"href":"https:\/\/server.idssoft.net\/idsdemo\/wp-json\/wp\/v2\/product\/11365","targetHints":{"allow":["GET"]}}],"collection":[{"href":"https:\/\/server.idssoft.net\/idsdemo\/wp-json\/wp\/v2\/product"}],"about":[{"href":"https:\/\/server.idssoft.net\/idsdemo\/wp-json\/wp\/v2\/types\/product"}],"replies":[{"embeddable":true,"href":"https:\/\/server.idssoft.net\/idsdemo\/wp-json\/wp\/v2\/comments?post=11365"}],"wp:featuredmedia":[{"embeddable":true,"href":"https:\/\/server.idssoft.net\/idsdemo\/wp-json\/wp\/v2\/media\/11363"}],"wp:attachment":[{"href":"https:\/\/server.idssoft.net\/idsdemo\/wp-json\/wp\/v2\/media?parent=11365"}],"wp:term":[{"taxonomy":"product_cat","embeddable":true,"href":"https:\/\/server.idssoft.net\/idsdemo\/wp-json\/wp\/v2\/product_cat?post=11365"},{"taxonomy":"product_tag","embeddable":true,"href":"https:\/\/server.idssoft.net\/idsdemo\/wp-json\/wp\/v2\/product_tag?post=11365"}],"curies":[{"name":"wp","href":"https:\/\/api.w.org\/{rel}","templated":true}]}}