{"id":11371,"date":"2021-06-23T13:32:28","date_gmt":"2021-06-23T13:32:28","guid":{"rendered":"https:\/\/server.idssoft.net\/idsdemo\/producto\/alfombrilla-con-reposamunecas-gel-negro-cromad\/"},"modified":"2021-06-23T13:32:28","modified_gmt":"2021-06-23T13:32:28","slug":"alfombrilla-con-reposamunecas-gel-negro-cromad","status":"publish","type":"product","link":"https:\/\/server.idssoft.net\/idsdemo\/producto\/alfombrilla-con-reposamunecas-gel-negro-cromad\/","title":{"rendered":"ALFOMBRILLA CON REPOSAMU\u00d1ECAS GEL NEGRO CROMAD"},"content":{"rendered":"<p>Desde el minuto uno notar\u00e1s un alivio en tus mu\u00f1ecas, adem\u00e1s quedar\u00e1 perfecta junto al ordenador, porque no ocupa mucho espacio, y el color negro le dar\u00e1 un toque moderno a tu escritorio.<\/p>\n<p>&#8211; Color: Negro<br \/>&#8211; Dimensiones (mm): 235&#215;195<\/p>\n","protected":false},"excerpt":{"rendered":"<p>Desde el minuto uno notar\u00e1s un alivio en tus mu\u00f1ecas, adem\u00e1s quedar\u00e1 perfecta junto al ordenador, porque no ocupa mucho espacio, y el color negro le dar\u00e1 un toque moderno a tu escritorio. &#8211; Color: Negro&#8211; Dimensiones (mm): 235&#215;195<\/p>\n","protected":false},"featured_media":11369,"comment_status":"open","ping_status":"closed","template":"","meta":[],"product_cat":[480],"product_tag":[],"class_list":["post-11371","product","type-product","status-publish","has-post-thumbnail","hentry","product_cat-ratones","thunk-woo-product-list","opn-qv-enable","top-store-woo-hover-","top-store-single-product-tab-horizontal","top-store-shadow-","top-store-shadow-hover-"],"_links":{"self":[{"href":"https:\/\/server.idssoft.net\/idsdemo\/wp-json\/wp\/v2\/product\/11371","targetHints":{"allow":["GET"]}}],"collection":[{"href":"https:\/\/server.idssoft.net\/idsdemo\/wp-json\/wp\/v2\/product"}],"about":[{"href":"https:\/\/server.idssoft.net\/idsdemo\/wp-json\/wp\/v2\/types\/product"}],"replies":[{"embeddable":true,"href":"https:\/\/server.idssoft.net\/idsdemo\/wp-json\/wp\/v2\/comments?post=11371"}],"wp:featuredmedia":[{"embeddable":true,"href":"https:\/\/server.idssoft.net\/idsdemo\/wp-json\/wp\/v2\/media\/11369"}],"wp:attachment":[{"href":"https:\/\/server.idssoft.net\/idsdemo\/wp-json\/wp\/v2\/media?parent=11371"}],"wp:term":[{"taxonomy":"product_cat","embeddable":true,"href":"https:\/\/server.idssoft.net\/idsdemo\/wp-json\/wp\/v2\/product_cat?post=11371"},{"taxonomy":"product_tag","embeddable":true,"href":"https:\/\/server.idssoft.net\/idsdemo\/wp-json\/wp\/v2\/product_tag?post=11371"}],"curies":[{"name":"wp","href":"https:\/\/api.w.org\/{rel}","templated":true}]}}