{"id":11378,"date":"2021-06-23T13:32:37","date_gmt":"2021-06-23T13:32:37","guid":{"rendered":"https:\/\/server.idssoft.net\/idsdemo\/producto\/alfombrilla-raton-negro-cromad\/"},"modified":"2021-06-23T13:32:37","modified_gmt":"2021-06-23T13:32:37","slug":"alfombrilla-raton-negro-cromad","status":"publish","type":"product","link":"https:\/\/server.idssoft.net\/idsdemo\/producto\/alfombrilla-raton-negro-cromad\/","title":{"rendered":"ALFOMBRILLA RAT\u00d3N NEGRO CROMAD"},"content":{"rendered":"<p>&#8211; Base de goma antideslizante.<br \/>&#8211; Superficie de poli\u00e9ster resistente que permite una mayor tracci\u00f3n del rat\u00f3n.<\/p>\n<p>&#8211; Color: Negro<br \/>&#8211; Dimensiones (mm): 230X190X3mm<\/p>\n","protected":false},"excerpt":{"rendered":"<p>&#8211; Base de goma antideslizante.&#8211; Superficie de poli\u00e9ster resistente que permite una mayor tracci\u00f3n del rat\u00f3n. &#8211; Color: Negro&#8211; Dimensiones (mm): 230X190X3mm<\/p>\n","protected":false},"featured_media":11375,"comment_status":"open","ping_status":"closed","template":"","meta":[],"product_cat":[480],"product_tag":[],"class_list":["post-11378","product","type-product","status-publish","has-post-thumbnail","hentry","product_cat-ratones","thunk-woo-product-list","opn-qv-enable","top-store-woo-hover-","top-store-single-product-tab-horizontal","top-store-shadow-","top-store-shadow-hover-"],"_links":{"self":[{"href":"https:\/\/server.idssoft.net\/idsdemo\/wp-json\/wp\/v2\/product\/11378","targetHints":{"allow":["GET"]}}],"collection":[{"href":"https:\/\/server.idssoft.net\/idsdemo\/wp-json\/wp\/v2\/product"}],"about":[{"href":"https:\/\/server.idssoft.net\/idsdemo\/wp-json\/wp\/v2\/types\/product"}],"replies":[{"embeddable":true,"href":"https:\/\/server.idssoft.net\/idsdemo\/wp-json\/wp\/v2\/comments?post=11378"}],"wp:featuredmedia":[{"embeddable":true,"href":"https:\/\/server.idssoft.net\/idsdemo\/wp-json\/wp\/v2\/media\/11375"}],"wp:attachment":[{"href":"https:\/\/server.idssoft.net\/idsdemo\/wp-json\/wp\/v2\/media?parent=11378"}],"wp:term":[{"taxonomy":"product_cat","embeddable":true,"href":"https:\/\/server.idssoft.net\/idsdemo\/wp-json\/wp\/v2\/product_cat?post=11378"},{"taxonomy":"product_tag","embeddable":true,"href":"https:\/\/server.idssoft.net\/idsdemo\/wp-json\/wp\/v2\/product_tag?post=11378"}],"curies":[{"name":"wp","href":"https:\/\/api.w.org\/{rel}","templated":true}]}}