{"id":11388,"date":"2021-06-23T13:32:56","date_gmt":"2021-06-23T13:32:56","guid":{"rendered":"https:\/\/server.idssoft.net\/idsdemo\/producto\/pantalla-cromad-proyeccion-suelo-panoramica-90-200x112\/"},"modified":"2021-06-23T13:32:56","modified_gmt":"2021-06-23T13:32:56","slug":"pantalla-cromad-proyeccion-suelo-panoramica-90-200x112","status":"publish","type":"product","link":"https:\/\/server.idssoft.net\/idsdemo\/producto\/pantalla-cromad-proyeccion-suelo-panoramica-90-200x112\/","title":{"rendered":"Pantalla CROMAD Proyeccion Suelo Panor\u00e1mica 90 200X112"},"content":{"rendered":"<p>&#8211; Pantalla Proyecci\u00f3n estructura de aluminio.<br \/>&#8211; Port\u00e1til para facilitar el transporte<br \/>&#8211; Montaje r\u00e1pido y sencillo<br \/>&#8211; Tama\u00f1o 2 X 1.12 mtr<br \/>&#8211; Mecanismo manual. Sistema de autobloqueo.<br \/>&#8211; Ideal para cine en casa y salas de conferenci<\/p>\n","protected":false},"excerpt":{"rendered":"<p>&#8211; Pantalla Proyecci\u00f3n estructura de aluminio.&#8211; Port\u00e1til para facilitar el transporte&#8211; Montaje r\u00e1pido y sencillo&#8211; Tama\u00f1o 2 X 1.12 mtr&#8211; Mecanismo manual. Sistema de autobloqueo.&#8211; Ideal para cine en casa y salas de conferenci<\/p>\n","protected":false},"featured_media":11387,"comment_status":"open","ping_status":"closed","template":"","meta":[],"product_cat":[615],"product_tag":[],"class_list":["post-11388","product","type-product","status-publish","has-post-thumbnail","hentry","product_cat-pantallas-proyeccion-suelo","thunk-woo-product-list","opn-qv-enable","top-store-woo-hover-","top-store-single-product-tab-horizontal","top-store-shadow-","top-store-shadow-hover-"],"_links":{"self":[{"href":"https:\/\/server.idssoft.net\/idsdemo\/wp-json\/wp\/v2\/product\/11388","targetHints":{"allow":["GET"]}}],"collection":[{"href":"https:\/\/server.idssoft.net\/idsdemo\/wp-json\/wp\/v2\/product"}],"about":[{"href":"https:\/\/server.idssoft.net\/idsdemo\/wp-json\/wp\/v2\/types\/product"}],"replies":[{"embeddable":true,"href":"https:\/\/server.idssoft.net\/idsdemo\/wp-json\/wp\/v2\/comments?post=11388"}],"wp:featuredmedia":[{"embeddable":true,"href":"https:\/\/server.idssoft.net\/idsdemo\/wp-json\/wp\/v2\/media\/11387"}],"wp:attachment":[{"href":"https:\/\/server.idssoft.net\/idsdemo\/wp-json\/wp\/v2\/media?parent=11388"}],"wp:term":[{"taxonomy":"product_cat","embeddable":true,"href":"https:\/\/server.idssoft.net\/idsdemo\/wp-json\/wp\/v2\/product_cat?post=11388"},{"taxonomy":"product_tag","embeddable":true,"href":"https:\/\/server.idssoft.net\/idsdemo\/wp-json\/wp\/v2\/product_tag?post=11388"}],"curies":[{"name":"wp","href":"https:\/\/api.w.org\/{rel}","templated":true}]}}