{"id":11417,"date":"2021-06-23T13:33:55","date_gmt":"2021-06-23T13:33:55","guid":{"rendered":"https:\/\/server.idssoft.net\/idsdemo\/producto\/altavoz-a310-amplificado-8-250w-bateria-microfono-35w\/"},"modified":"2021-06-23T13:33:55","modified_gmt":"2021-06-23T13:33:55","slug":"altavoz-a310-amplificado-8-250w-bateria-microfono-35w","status":"publish","type":"product","link":"https:\/\/server.idssoft.net\/idsdemo\/producto\/altavoz-a310-amplificado-8-250w-bateria-microfono-35w\/","title":{"rendered":"ALTAVOZ A310 AMPLIFICADO 8 250W | BATERIA | MICROFONO | 35W"},"content":{"rendered":"<p>Caracter\u00edsticas:<br \/>&#8211; Tecnolog\u00eda Bluetooth<br \/>&#8211; Potencia M\u00c1X 250W<br \/>&#8211; 35W RMS<br \/>&#8211; Altavoz Autoamplificado 8&#034;<br \/>&#8211; Entrada USB \/ Auxiliar jack 3.5mm \/ TF<br \/>&#8211; Control remoto<br \/>&#8211; Bateria Litio 4400 mAh<br \/>&#8211; Incluye Micr\u00f3fono inal\u00e1mbr<\/p>\n","protected":false},"excerpt":{"rendered":"<p>Caracter\u00edsticas:&#8211; Tecnolog\u00eda Bluetooth&#8211; Potencia M\u00c1X 250W&#8211; 35W RMS&#8211; Altavoz Autoamplificado 8&#034;&#8211; Entrada USB \/ Auxiliar jack 3.5mm \/ TF&#8211; Control remoto&#8211; Bateria Litio 4400 mAh&#8211; Incluye Micr\u00f3fono inal\u00e1mbr<\/p>\n","protected":false},"featured_media":11416,"comment_status":"open","ping_status":"closed","template":"","meta":[],"product_cat":[637],"product_tag":[],"class_list":["post-11417","product","type-product","status-publish","has-post-thumbnail","hentry","product_cat-altavoces-auto-amplificados","thunk-woo-product-list","opn-qv-enable","top-store-woo-hover-","top-store-single-product-tab-horizontal","top-store-shadow-","top-store-shadow-hover-"],"_links":{"self":[{"href":"https:\/\/server.idssoft.net\/idsdemo\/wp-json\/wp\/v2\/product\/11417","targetHints":{"allow":["GET"]}}],"collection":[{"href":"https:\/\/server.idssoft.net\/idsdemo\/wp-json\/wp\/v2\/product"}],"about":[{"href":"https:\/\/server.idssoft.net\/idsdemo\/wp-json\/wp\/v2\/types\/product"}],"replies":[{"embeddable":true,"href":"https:\/\/server.idssoft.net\/idsdemo\/wp-json\/wp\/v2\/comments?post=11417"}],"wp:featuredmedia":[{"embeddable":true,"href":"https:\/\/server.idssoft.net\/idsdemo\/wp-json\/wp\/v2\/media\/11416"}],"wp:attachment":[{"href":"https:\/\/server.idssoft.net\/idsdemo\/wp-json\/wp\/v2\/media?parent=11417"}],"wp:term":[{"taxonomy":"product_cat","embeddable":true,"href":"https:\/\/server.idssoft.net\/idsdemo\/wp-json\/wp\/v2\/product_cat?post=11417"},{"taxonomy":"product_tag","embeddable":true,"href":"https:\/\/server.idssoft.net\/idsdemo\/wp-json\/wp\/v2\/product_tag?post=11417"}],"curies":[{"name":"wp","href":"https:\/\/api.w.org\/{rel}","templated":true}]}}