{"id":11419,"date":"2021-06-23T13:34:00","date_gmt":"2021-06-23T13:34:00","guid":{"rendered":"https:\/\/server.idssoft.net\/idsdemo\/producto\/pendrive-sandisk-connect-wireless-stick-32gb\/"},"modified":"2021-06-23T13:34:00","modified_gmt":"2021-06-23T13:34:00","slug":"pendrive-sandisk-connect-wireless-stick-32gb","status":"publish","type":"product","link":"https:\/\/server.idssoft.net\/idsdemo\/producto\/pendrive-sandisk-connect-wireless-stick-32gb\/","title":{"rendered":"PENDRIVE SANDISK CONNECT WIRELESS STICK 32GB"},"content":{"rendered":"<p>Hemos reinventado la unidad flash para tu tel\u00e9fono, tableta y equipo<br \/>Transmite pel\u00edculas y m\u00fasica sin Internet<br \/>El SanDisk Connect Wireless Stick transmite pel\u00edculas HD y m\u00fasica hasta a 3 dispositivos (tel\u00e9fonos, tabletas u ordenadores) a<\/p>\n","protected":false},"excerpt":{"rendered":"<p>Hemos reinventado la unidad flash para tu tel\u00e9fono, tableta y equipoTransmite pel\u00edculas y m\u00fasica sin InternetEl SanDisk Connect Wireless Stick transmite pel\u00edculas HD y m\u00fasica hasta a 3 dispositivos (tel\u00e9fonos, tabletas u ordenadores) a<\/p>\n","protected":false},"featured_media":11418,"comment_status":"open","ping_status":"closed","template":"","meta":[],"product_cat":[481],"product_tag":[],"class_list":["post-11419","product","type-product","status-publish","has-post-thumbnail","hentry","product_cat-pendrives","thunk-woo-product-list","opn-qv-enable","top-store-woo-hover-","top-store-single-product-tab-horizontal","top-store-shadow-","top-store-shadow-hover-"],"_links":{"self":[{"href":"https:\/\/server.idssoft.net\/idsdemo\/wp-json\/wp\/v2\/product\/11419","targetHints":{"allow":["GET"]}}],"collection":[{"href":"https:\/\/server.idssoft.net\/idsdemo\/wp-json\/wp\/v2\/product"}],"about":[{"href":"https:\/\/server.idssoft.net\/idsdemo\/wp-json\/wp\/v2\/types\/product"}],"replies":[{"embeddable":true,"href":"https:\/\/server.idssoft.net\/idsdemo\/wp-json\/wp\/v2\/comments?post=11419"}],"wp:featuredmedia":[{"embeddable":true,"href":"https:\/\/server.idssoft.net\/idsdemo\/wp-json\/wp\/v2\/media\/11418"}],"wp:attachment":[{"href":"https:\/\/server.idssoft.net\/idsdemo\/wp-json\/wp\/v2\/media?parent=11419"}],"wp:term":[{"taxonomy":"product_cat","embeddable":true,"href":"https:\/\/server.idssoft.net\/idsdemo\/wp-json\/wp\/v2\/product_cat?post=11419"},{"taxonomy":"product_tag","embeddable":true,"href":"https:\/\/server.idssoft.net\/idsdemo\/wp-json\/wp\/v2\/product_tag?post=11419"}],"curies":[{"name":"wp","href":"https:\/\/api.w.org\/{rel}","templated":true}]}}