{"id":11421,"date":"2021-06-23T13:34:05","date_gmt":"2021-06-23T13:34:05","guid":{"rendered":"https:\/\/server.idssoft.net\/idsdemo\/producto\/telefono-s9-dual-sim-senior-phone-rojo-biwond\/"},"modified":"2021-06-23T13:34:05","modified_gmt":"2021-06-23T13:34:05","slug":"telefono-s9-dual-sim-senior-phone-rojo-biwond","status":"publish","type":"product","link":"https:\/\/server.idssoft.net\/idsdemo\/producto\/telefono-s9-dual-sim-senior-phone-rojo-biwond\/","title":{"rendered":"TELEFONO S9 DUAL SIM SENIOR PHONE ROJO BIWOND"},"content":{"rendered":"<p>SeniorPhone S9 Dual SIM Biwond pensado para personas mayores con men\u00fa y botones grandes e intuitivos. SeniorPhone S9 Dual SIM Biwond libre de fabrica, puede ser usado con 2 SIM simult\u00e1neamente de cualquier compa\u00f1ia, sin restricciones. Con numeros v<\/p>\n","protected":false},"excerpt":{"rendered":"<p>SeniorPhone S9 Dual SIM Biwond pensado para personas mayores con men\u00fa y botones grandes e intuitivos. SeniorPhone S9 Dual SIM Biwond libre de fabrica, puede ser usado con 2 SIM simult\u00e1neamente de cualquier compa\u00f1ia, sin restricciones. Con numeros v<\/p>\n","protected":false},"featured_media":11420,"comment_status":"open","ping_status":"closed","template":"","meta":[],"product_cat":[489],"product_tag":[],"class_list":["post-11421","product","type-product","status-publish","has-post-thumbnail","hentry","product_cat-telefonia-movil-gama-baja","thunk-woo-product-list","opn-qv-enable","top-store-woo-hover-","top-store-single-product-tab-horizontal","top-store-shadow-","top-store-shadow-hover-"],"_links":{"self":[{"href":"https:\/\/server.idssoft.net\/idsdemo\/wp-json\/wp\/v2\/product\/11421","targetHints":{"allow":["GET"]}}],"collection":[{"href":"https:\/\/server.idssoft.net\/idsdemo\/wp-json\/wp\/v2\/product"}],"about":[{"href":"https:\/\/server.idssoft.net\/idsdemo\/wp-json\/wp\/v2\/types\/product"}],"replies":[{"embeddable":true,"href":"https:\/\/server.idssoft.net\/idsdemo\/wp-json\/wp\/v2\/comments?post=11421"}],"wp:featuredmedia":[{"embeddable":true,"href":"https:\/\/server.idssoft.net\/idsdemo\/wp-json\/wp\/v2\/media\/11420"}],"wp:attachment":[{"href":"https:\/\/server.idssoft.net\/idsdemo\/wp-json\/wp\/v2\/media?parent=11421"}],"wp:term":[{"taxonomy":"product_cat","embeddable":true,"href":"https:\/\/server.idssoft.net\/idsdemo\/wp-json\/wp\/v2\/product_cat?post=11421"},{"taxonomy":"product_tag","embeddable":true,"href":"https:\/\/server.idssoft.net\/idsdemo\/wp-json\/wp\/v2\/product_tag?post=11421"}],"curies":[{"name":"wp","href":"https:\/\/api.w.org\/{rel}","templated":true}]}}