{"id":11441,"date":"2021-06-23T13:34:49","date_gmt":"2021-06-23T13:34:49","guid":{"rendered":"https:\/\/server.idssoft.net\/idsdemo\/producto\/detector-de-billetes-ratio-tec-soldi-smart-euros-led-y-s\/"},"modified":"2021-06-23T13:34:49","modified_gmt":"2021-06-23T13:34:49","slug":"detector-de-billetes-ratio-tec-soldi-smart-euros-led-y-s","status":"publish","type":"product","link":"https:\/\/server.idssoft.net\/idsdemo\/producto\/detector-de-billetes-ratio-tec-soldi-smart-euros-led-y-s\/","title":{"rendered":"DETECTOR DE BILLETES RATIO-TEC SOLDI SMART | EUROS | LED Y S"},"content":{"rendered":"<p>Verifica EUR<br \/>Formato compacto &#8211; ideal para el punto de venta<br \/>Un dispositivo | una funci\u00f3n: encender y detectar<br \/>Funcionamiento seguro con billetes de alto valor<br \/>Se\u00f1al de aviso: Ac\u00fastica (alarma) |  \u00f3ptica (s\u00edmbolos LED)<br \/>Manejo<\/p>\n","protected":false},"excerpt":{"rendered":"<p>Verifica EURFormato compacto &#8211; ideal para el punto de ventaUn dispositivo | una funci\u00f3n: encender y detectarFuncionamiento seguro con billetes de alto valorSe\u00f1al de aviso: Ac\u00fastica (alarma) | \u00f3ptica (s\u00edmbolos LED)Manejo<\/p>\n","protected":false},"featured_media":11440,"comment_status":"open","ping_status":"closed","template":"","meta":[],"product_cat":[485],"product_tag":[],"class_list":["post-11441","product","type-product","status-publish","has-post-thumbnail","hentry","product_cat-tpv","thunk-woo-product-list","opn-qv-enable","top-store-woo-hover-","top-store-single-product-tab-horizontal","top-store-shadow-","top-store-shadow-hover-"],"_links":{"self":[{"href":"https:\/\/server.idssoft.net\/idsdemo\/wp-json\/wp\/v2\/product\/11441","targetHints":{"allow":["GET"]}}],"collection":[{"href":"https:\/\/server.idssoft.net\/idsdemo\/wp-json\/wp\/v2\/product"}],"about":[{"href":"https:\/\/server.idssoft.net\/idsdemo\/wp-json\/wp\/v2\/types\/product"}],"replies":[{"embeddable":true,"href":"https:\/\/server.idssoft.net\/idsdemo\/wp-json\/wp\/v2\/comments?post=11441"}],"wp:featuredmedia":[{"embeddable":true,"href":"https:\/\/server.idssoft.net\/idsdemo\/wp-json\/wp\/v2\/media\/11440"}],"wp:attachment":[{"href":"https:\/\/server.idssoft.net\/idsdemo\/wp-json\/wp\/v2\/media?parent=11441"}],"wp:term":[{"taxonomy":"product_cat","embeddable":true,"href":"https:\/\/server.idssoft.net\/idsdemo\/wp-json\/wp\/v2\/product_cat?post=11441"},{"taxonomy":"product_tag","embeddable":true,"href":"https:\/\/server.idssoft.net\/idsdemo\/wp-json\/wp\/v2\/product_tag?post=11441"}],"curies":[{"name":"wp","href":"https:\/\/api.w.org\/{rel}","templated":true}]}}