{"id":11444,"date":"2021-06-23T13:34:54","date_gmt":"2021-06-23T13:34:54","guid":{"rendered":"https:\/\/server.idssoft.net\/idsdemo\/producto\/cocina-electrica-1-fuego-1000w-muvip\/"},"modified":"2021-06-23T13:34:54","modified_gmt":"2021-06-23T13:34:54","slug":"cocina-electrica-1-fuego-1000w-muvip","status":"publish","type":"product","link":"https:\/\/server.idssoft.net\/idsdemo\/producto\/cocina-electrica-1-fuego-1000w-muvip\/","title":{"rendered":"COCINA ELECTRICA 1 FUEGO 1000W MUVIP"},"content":{"rendered":"<p>&#8211; Potencia: 1000W<br \/>&#8211; Indicador luminoso<br \/>&#8211; 5 niveles de potencia<br \/>&#8211; 15.5cm de di\u00e1metro<br \/>&#8211; Termostado con sistema de seguridad anti-sobrecalentamiento. <br \/>&#8211; Dimensiones: 22\u00d722\u00d77.5cm    <br \/>&#8211; 12 und. por caja<\/p>\n","protected":false},"excerpt":{"rendered":"<p>&#8211; Potencia: 1000W&#8211; Indicador luminoso&#8211; 5 niveles de potencia&#8211; 15.5cm de di\u00e1metro&#8211; Termostado con sistema de seguridad anti-sobrecalentamiento. &#8211; Dimensiones: 22\u00d722\u00d77.5cm &#8211; 12 und. por caja<\/p>\n","protected":false},"featured_media":11442,"comment_status":"open","ping_status":"closed","template":"","meta":[],"product_cat":[506],"product_tag":[],"class_list":["post-11444","product","type-product","status-publish","has-post-thumbnail","hentry","product_cat-cocinas-electricas","thunk-woo-product-list","opn-qv-enable","top-store-woo-hover-","top-store-single-product-tab-horizontal","top-store-shadow-","top-store-shadow-hover-"],"_links":{"self":[{"href":"https:\/\/server.idssoft.net\/idsdemo\/wp-json\/wp\/v2\/product\/11444","targetHints":{"allow":["GET"]}}],"collection":[{"href":"https:\/\/server.idssoft.net\/idsdemo\/wp-json\/wp\/v2\/product"}],"about":[{"href":"https:\/\/server.idssoft.net\/idsdemo\/wp-json\/wp\/v2\/types\/product"}],"replies":[{"embeddable":true,"href":"https:\/\/server.idssoft.net\/idsdemo\/wp-json\/wp\/v2\/comments?post=11444"}],"wp:featuredmedia":[{"embeddable":true,"href":"https:\/\/server.idssoft.net\/idsdemo\/wp-json\/wp\/v2\/media\/11442"}],"wp:attachment":[{"href":"https:\/\/server.idssoft.net\/idsdemo\/wp-json\/wp\/v2\/media?parent=11444"}],"wp:term":[{"taxonomy":"product_cat","embeddable":true,"href":"https:\/\/server.idssoft.net\/idsdemo\/wp-json\/wp\/v2\/product_cat?post=11444"},{"taxonomy":"product_tag","embeddable":true,"href":"https:\/\/server.idssoft.net\/idsdemo\/wp-json\/wp\/v2\/product_tag?post=11444"}],"curies":[{"name":"wp","href":"https:\/\/api.w.org\/{rel}","templated":true}]}}