{"id":11477,"date":"2021-06-23T13:35:55","date_gmt":"2021-06-23T13:35:55","guid":{"rendered":"https:\/\/server.idssoft.net\/idsdemo\/producto\/camara-para-vehiculo-full-hd-lcd-2-4-camview\/"},"modified":"2021-06-23T13:35:55","modified_gmt":"2021-06-23T13:35:55","slug":"camara-para-vehiculo-full-hd-lcd-2-4-camview","status":"publish","type":"product","link":"https:\/\/server.idssoft.net\/idsdemo\/producto\/camara-para-vehiculo-full-hd-lcd-2-4-camview\/","title":{"rendered":"CAMARA PARA VEHICULO FULL HD, LCD 2.4 CAMVIEW"},"content":{"rendered":"<p>&#8211; Ideal para grabaci\u00f3n de posibles accidentes o vigilancia en estacionamiento. <br \/>&#8211; Resoluci\u00f3n: 1920&#215;1080<br \/>&#8211; Pantalla LCD: 2.4&#034;<br \/>&#8211; \u00c1ngulo: 140\u00ba<br \/>&#8211; Incorpora infrarojos para visi\u00f3n nocturna<br \/>&#8211; Funci\u00f3n detecci\u00f3n de movimiento pa<\/p>\n","protected":false},"excerpt":{"rendered":"<p>&#8211; Ideal para grabaci\u00f3n de posibles accidentes o vigilancia en estacionamiento. &#8211; Resoluci\u00f3n: 1920&#215;1080&#8211; Pantalla LCD: 2.4&#034;&#8211; \u00c1ngulo: 140\u00ba&#8211; Incorpora infrarojos para visi\u00f3n nocturna&#8211; Funci\u00f3n detecci\u00f3n de movimiento pa<\/p>\n","protected":false},"featured_media":11475,"comment_status":"open","ping_status":"closed","template":"","meta":[],"product_cat":[565],"product_tag":[],"class_list":["post-11477","product","type-product","status-publish","has-post-thumbnail","hentry","product_cat-camaras-y-accesorios","thunk-woo-product-list","opn-qv-enable","top-store-woo-hover-","top-store-single-product-tab-horizontal","top-store-shadow-","top-store-shadow-hover-"],"_links":{"self":[{"href":"https:\/\/server.idssoft.net\/idsdemo\/wp-json\/wp\/v2\/product\/11477","targetHints":{"allow":["GET"]}}],"collection":[{"href":"https:\/\/server.idssoft.net\/idsdemo\/wp-json\/wp\/v2\/product"}],"about":[{"href":"https:\/\/server.idssoft.net\/idsdemo\/wp-json\/wp\/v2\/types\/product"}],"replies":[{"embeddable":true,"href":"https:\/\/server.idssoft.net\/idsdemo\/wp-json\/wp\/v2\/comments?post=11477"}],"wp:featuredmedia":[{"embeddable":true,"href":"https:\/\/server.idssoft.net\/idsdemo\/wp-json\/wp\/v2\/media\/11475"}],"wp:attachment":[{"href":"https:\/\/server.idssoft.net\/idsdemo\/wp-json\/wp\/v2\/media?parent=11477"}],"wp:term":[{"taxonomy":"product_cat","embeddable":true,"href":"https:\/\/server.idssoft.net\/idsdemo\/wp-json\/wp\/v2\/product_cat?post=11477"},{"taxonomy":"product_tag","embeddable":true,"href":"https:\/\/server.idssoft.net\/idsdemo\/wp-json\/wp\/v2\/product_tag?post=11477"}],"curies":[{"name":"wp","href":"https:\/\/api.w.org\/{rel}","templated":true}]}}