{"id":11487,"date":"2021-06-23T13:36:09","date_gmt":"2021-06-23T13:36:09","guid":{"rendered":"https:\/\/server.idssoft.net\/idsdemo\/producto\/auricular-microfono-powerbass-azul-coolsound\/"},"modified":"2021-06-23T13:36:09","modified_gmt":"2021-06-23T13:36:09","slug":"auricular-microfono-powerbass-azul-coolsound","status":"publish","type":"product","link":"https:\/\/server.idssoft.net\/idsdemo\/producto\/auricular-microfono-powerbass-azul-coolsound\/","title":{"rendered":"AURICULAR + MICROFONO POWERBASS AZUL COOLSOUND"},"content":{"rendered":"<p>CARCASA DE METAL S\u00d3LIDA.<br \/>La carcasa met\u00e1lica torneada de una pieza evita que las vibraciones y los sonidos indeseables interfieran con lo que est\u00e1s escuchando.<\/p>\n<p>A PRUEBA DE GOLPES.<br \/>Tanto si eres de los que miman sus POWERBASS co<\/p>\n","protected":false},"excerpt":{"rendered":"<p>CARCASA DE METAL S\u00d3LIDA.La carcasa met\u00e1lica torneada de una pieza evita que las vibraciones y los sonidos indeseables interfieran con lo que est\u00e1s escuchando. A PRUEBA DE GOLPES.Tanto si eres de los que miman sus POWERBASS co<\/p>\n","protected":false},"featured_media":11485,"comment_status":"open","ping_status":"closed","template":"","meta":[],"product_cat":[474],"product_tag":[],"class_list":["post-11487","product","type-product","status-publish","has-post-thumbnail","hentry","product_cat-auriculares-con-cable","thunk-woo-product-list","opn-qv-enable","top-store-woo-hover-","top-store-single-product-tab-horizontal","top-store-shadow-","top-store-shadow-hover-"],"_links":{"self":[{"href":"https:\/\/server.idssoft.net\/idsdemo\/wp-json\/wp\/v2\/product\/11487","targetHints":{"allow":["GET"]}}],"collection":[{"href":"https:\/\/server.idssoft.net\/idsdemo\/wp-json\/wp\/v2\/product"}],"about":[{"href":"https:\/\/server.idssoft.net\/idsdemo\/wp-json\/wp\/v2\/types\/product"}],"replies":[{"embeddable":true,"href":"https:\/\/server.idssoft.net\/idsdemo\/wp-json\/wp\/v2\/comments?post=11487"}],"wp:featuredmedia":[{"embeddable":true,"href":"https:\/\/server.idssoft.net\/idsdemo\/wp-json\/wp\/v2\/media\/11485"}],"wp:attachment":[{"href":"https:\/\/server.idssoft.net\/idsdemo\/wp-json\/wp\/v2\/media?parent=11487"}],"wp:term":[{"taxonomy":"product_cat","embeddable":true,"href":"https:\/\/server.idssoft.net\/idsdemo\/wp-json\/wp\/v2\/product_cat?post=11487"},{"taxonomy":"product_tag","embeddable":true,"href":"https:\/\/server.idssoft.net\/idsdemo\/wp-json\/wp\/v2\/product_tag?post=11487"}],"curies":[{"name":"wp","href":"https:\/\/api.w.org\/{rel}","templated":true}]}}