{"id":11496,"date":"2021-06-23T13:36:24","date_gmt":"2021-06-23T13:36:24","guid":{"rendered":"https:\/\/server.idssoft.net\/idsdemo\/producto\/mando-a-distancia-compatible-tv-lg-muvip\/"},"modified":"2021-06-23T13:36:24","modified_gmt":"2021-06-23T13:36:24","slug":"mando-a-distancia-compatible-tv-lg-muvip","status":"publish","type":"product","link":"https:\/\/server.idssoft.net\/idsdemo\/producto\/mando-a-distancia-compatible-tv-lg-muvip\/","title":{"rendered":"MANDO A DISTANCIA COMPATIBLE TV LG MUVIP"},"content":{"rendered":"<p>&#8211; Mando a distancia compatible con LG<br \/>&#8211; Directamente preparado para usar con su televisor LG, sin necesidad de instalar o configurar el mando.<br \/>&#8211; De f\u00e1cil uso y funcionamiento.<br \/>&#8211; Compatible tambi\u00e9n con SMART TV.<br \/>&#8211; Alimentaci\u00f3n: 2 pil<\/p>\n","protected":false},"excerpt":{"rendered":"<p>&#8211; Mando a distancia compatible con LG&#8211; Directamente preparado para usar con su televisor LG, sin necesidad de instalar o configurar el mando.&#8211; De f\u00e1cil uso y funcionamiento.&#8211; Compatible tambi\u00e9n con SMART TV.&#8211; Alimentaci\u00f3n: 2 pil<\/p>\n","protected":false},"featured_media":11494,"comment_status":"open","ping_status":"closed","template":"","meta":[],"product_cat":[639],"product_tag":[],"class_list":["post-11496","product","type-product","status-publish","has-post-thumbnail","hentry","product_cat-receptores-y-accesorios","thunk-woo-product-list","opn-qv-enable","top-store-woo-hover-","top-store-single-product-tab-horizontal","top-store-shadow-","top-store-shadow-hover-"],"_links":{"self":[{"href":"https:\/\/server.idssoft.net\/idsdemo\/wp-json\/wp\/v2\/product\/11496","targetHints":{"allow":["GET"]}}],"collection":[{"href":"https:\/\/server.idssoft.net\/idsdemo\/wp-json\/wp\/v2\/product"}],"about":[{"href":"https:\/\/server.idssoft.net\/idsdemo\/wp-json\/wp\/v2\/types\/product"}],"replies":[{"embeddable":true,"href":"https:\/\/server.idssoft.net\/idsdemo\/wp-json\/wp\/v2\/comments?post=11496"}],"wp:featuredmedia":[{"embeddable":true,"href":"https:\/\/server.idssoft.net\/idsdemo\/wp-json\/wp\/v2\/media\/11494"}],"wp:attachment":[{"href":"https:\/\/server.idssoft.net\/idsdemo\/wp-json\/wp\/v2\/media?parent=11496"}],"wp:term":[{"taxonomy":"product_cat","embeddable":true,"href":"https:\/\/server.idssoft.net\/idsdemo\/wp-json\/wp\/v2\/product_cat?post=11496"},{"taxonomy":"product_tag","embeddable":true,"href":"https:\/\/server.idssoft.net\/idsdemo\/wp-json\/wp\/v2\/product_tag?post=11496"}],"curies":[{"name":"wp","href":"https:\/\/api.w.org\/{rel}","templated":true}]}}