{"id":11501,"date":"2021-06-23T13:36:33","date_gmt":"2021-06-23T13:36:33","guid":{"rendered":"https:\/\/server.idssoft.net\/idsdemo\/producto\/conversor-cintas-cassette-a-mp3-usb\/"},"modified":"2021-06-23T13:36:33","modified_gmt":"2021-06-23T13:36:33","slug":"conversor-cintas-cassette-a-mp3-usb","status":"publish","type":"product","link":"https:\/\/server.idssoft.net\/idsdemo\/producto\/conversor-cintas-cassette-a-mp3-usb\/","title":{"rendered":"CONVERSOR CINTAS CASSETTE A MP3 USB"},"content":{"rendered":"<p>Redescubra sus viejas cintas de casete audio en cualquier parte. Convierta sus viejas cintas y casetes en MP3 para reproducirlas en iPods\/reproductores MP3 o bien grabarlas en un CD.<\/p>\n<p>Su dise\u00f1o port\u00e1til cabe pr\u00e1cticamente en cualquier bolsa<\/p>\n","protected":false},"excerpt":{"rendered":"<p>Redescubra sus viejas cintas de casete audio en cualquier parte. Convierta sus viejas cintas y casetes en MP3 para reproducirlas en iPods\/reproductores MP3 o bien grabarlas en un CD. Su dise\u00f1o port\u00e1til cabe pr\u00e1cticamente en cualquier bolsa<\/p>\n","protected":false},"featured_media":11499,"comment_status":"open","ping_status":"closed","template":"","meta":[],"product_cat":[470],"product_tag":[],"class_list":["post-11501","product","type-product","status-publish","has-post-thumbnail","hentry","product_cat-convertidores-extender","thunk-woo-product-list","opn-qv-enable","top-store-woo-hover-","top-store-single-product-tab-horizontal","top-store-shadow-","top-store-shadow-hover-"],"_links":{"self":[{"href":"https:\/\/server.idssoft.net\/idsdemo\/wp-json\/wp\/v2\/product\/11501","targetHints":{"allow":["GET"]}}],"collection":[{"href":"https:\/\/server.idssoft.net\/idsdemo\/wp-json\/wp\/v2\/product"}],"about":[{"href":"https:\/\/server.idssoft.net\/idsdemo\/wp-json\/wp\/v2\/types\/product"}],"replies":[{"embeddable":true,"href":"https:\/\/server.idssoft.net\/idsdemo\/wp-json\/wp\/v2\/comments?post=11501"}],"wp:featuredmedia":[{"embeddable":true,"href":"https:\/\/server.idssoft.net\/idsdemo\/wp-json\/wp\/v2\/media\/11499"}],"wp:attachment":[{"href":"https:\/\/server.idssoft.net\/idsdemo\/wp-json\/wp\/v2\/media?parent=11501"}],"wp:term":[{"taxonomy":"product_cat","embeddable":true,"href":"https:\/\/server.idssoft.net\/idsdemo\/wp-json\/wp\/v2\/product_cat?post=11501"},{"taxonomy":"product_tag","embeddable":true,"href":"https:\/\/server.idssoft.net\/idsdemo\/wp-json\/wp\/v2\/product_tag?post=11501"}],"curies":[{"name":"wp","href":"https:\/\/api.w.org\/{rel}","templated":true}]}}