{"id":11504,"date":"2021-06-23T13:36:37","date_gmt":"2021-06-23T13:36:37","guid":{"rendered":"https:\/\/server.idssoft.net\/idsdemo\/producto\/camara-endoscopica-usb-para-pc-y-android-5m\/"},"modified":"2021-06-23T13:36:37","modified_gmt":"2021-06-23T13:36:37","slug":"camara-endoscopica-usb-para-pc-y-android-5m","status":"publish","type":"product","link":"https:\/\/server.idssoft.net\/idsdemo\/producto\/camara-endoscopica-usb-para-pc-y-android-5m\/","title":{"rendered":"C\u00c1MARA ENDOSC\u00d3PICA USB PARA PC Y ANDROID 5M"},"content":{"rendered":"<p>Gracias al dise\u00f1o superfino de la C\u00e1mara Endosc\u00f3pica USB podr\u00e1s grabar videos y hacer fotos en aquellos espacios estrechos y reducidos donde no alcance una c\u00e1mara normal. S\u00f3lo tienes que descargar la app desde Google Play en tu ordenador o dispo<\/p>\n","protected":false},"excerpt":{"rendered":"<p>Gracias al dise\u00f1o superfino de la C\u00e1mara Endosc\u00f3pica USB podr\u00e1s grabar videos y hacer fotos en aquellos espacios estrechos y reducidos donde no alcance una c\u00e1mara normal. S\u00f3lo tienes que descargar la app desde Google Play en tu ordenador o dispo<\/p>\n","protected":false},"featured_media":11502,"comment_status":"open","ping_status":"closed","template":"","meta":[],"product_cat":[565],"product_tag":[],"class_list":["post-11504","product","type-product","status-publish","has-post-thumbnail","hentry","product_cat-camaras-y-accesorios","thunk-woo-product-list","opn-qv-enable","top-store-woo-hover-","top-store-single-product-tab-horizontal","top-store-shadow-","top-store-shadow-hover-"],"_links":{"self":[{"href":"https:\/\/server.idssoft.net\/idsdemo\/wp-json\/wp\/v2\/product\/11504","targetHints":{"allow":["GET"]}}],"collection":[{"href":"https:\/\/server.idssoft.net\/idsdemo\/wp-json\/wp\/v2\/product"}],"about":[{"href":"https:\/\/server.idssoft.net\/idsdemo\/wp-json\/wp\/v2\/types\/product"}],"replies":[{"embeddable":true,"href":"https:\/\/server.idssoft.net\/idsdemo\/wp-json\/wp\/v2\/comments?post=11504"}],"wp:featuredmedia":[{"embeddable":true,"href":"https:\/\/server.idssoft.net\/idsdemo\/wp-json\/wp\/v2\/media\/11502"}],"wp:attachment":[{"href":"https:\/\/server.idssoft.net\/idsdemo\/wp-json\/wp\/v2\/media?parent=11504"}],"wp:term":[{"taxonomy":"product_cat","embeddable":true,"href":"https:\/\/server.idssoft.net\/idsdemo\/wp-json\/wp\/v2\/product_cat?post=11504"},{"taxonomy":"product_tag","embeddable":true,"href":"https:\/\/server.idssoft.net\/idsdemo\/wp-json\/wp\/v2\/product_tag?post=11504"}],"curies":[{"name":"wp","href":"https:\/\/api.w.org\/{rel}","templated":true}]}}