{"id":11523,"date":"2021-06-23T13:37:14","date_gmt":"2021-06-23T13:37:14","guid":{"rendered":"https:\/\/server.idssoft.net\/idsdemo\/producto\/rollo-cable-tv-coaxial-100-metros-blanco-cobre-aluminio-emc\/"},"modified":"2021-06-23T13:37:14","modified_gmt":"2021-06-23T13:37:14","slug":"rollo-cable-tv-coaxial-100-metros-blanco-cobre-aluminio-emc","status":"publish","type":"product","link":"https:\/\/server.idssoft.net\/idsdemo\/producto\/rollo-cable-tv-coaxial-100-metros-blanco-cobre-aluminio-emc\/","title":{"rendered":"ROLLO CABLE TV COAXIAL 100 METROS BLANCO COBRE\/ALUMINIO (EMC"},"content":{"rendered":"<p>El cable coaxial es uno de los tipos m\u00e1s comunes de medios de transmisi\u00f3n utilizados para crear redes inform\u00e1ticas, trasmitir se\u00f1ales de TV y\/o radio.<\/p>\n<p>El cable coaxial tiene un n\u00facleo s\u00f3lido de alambre de cobre revestido con una capa de<\/p>\n","protected":false},"excerpt":{"rendered":"<p>El cable coaxial es uno de los tipos m\u00e1s comunes de medios de transmisi\u00f3n utilizados para crear redes inform\u00e1ticas, trasmitir se\u00f1ales de TV y\/o radio. El cable coaxial tiene un n\u00facleo s\u00f3lido de alambre de cobre revestido con una capa de<\/p>\n","protected":false},"featured_media":11522,"comment_status":"open","ping_status":"closed","template":"","meta":[],"product_cat":[563],"product_tag":[],"class_list":["post-11523","product","type-product","status-publish","has-post-thumbnail","hentry","product_cat-cables-audio-video","thunk-woo-product-list","opn-qv-enable","top-store-woo-hover-","top-store-single-product-tab-horizontal","top-store-shadow-","top-store-shadow-hover-"],"_links":{"self":[{"href":"https:\/\/server.idssoft.net\/idsdemo\/wp-json\/wp\/v2\/product\/11523","targetHints":{"allow":["GET"]}}],"collection":[{"href":"https:\/\/server.idssoft.net\/idsdemo\/wp-json\/wp\/v2\/product"}],"about":[{"href":"https:\/\/server.idssoft.net\/idsdemo\/wp-json\/wp\/v2\/types\/product"}],"replies":[{"embeddable":true,"href":"https:\/\/server.idssoft.net\/idsdemo\/wp-json\/wp\/v2\/comments?post=11523"}],"wp:featuredmedia":[{"embeddable":true,"href":"https:\/\/server.idssoft.net\/idsdemo\/wp-json\/wp\/v2\/media\/11522"}],"wp:attachment":[{"href":"https:\/\/server.idssoft.net\/idsdemo\/wp-json\/wp\/v2\/media?parent=11523"}],"wp:term":[{"taxonomy":"product_cat","embeddable":true,"href":"https:\/\/server.idssoft.net\/idsdemo\/wp-json\/wp\/v2\/product_cat?post=11523"},{"taxonomy":"product_tag","embeddable":true,"href":"https:\/\/server.idssoft.net\/idsdemo\/wp-json\/wp\/v2\/product_tag?post=11523"}],"curies":[{"name":"wp","href":"https:\/\/api.w.org\/{rel}","templated":true}]}}