{"id":11528,"date":"2021-06-23T13:37:24","date_gmt":"2021-06-23T13:37:24","guid":{"rendered":"https:\/\/server.idssoft.net\/idsdemo\/producto\/gamepad-spirit-of-gamer-xgp-player-wired-12-botones-vibr\/"},"modified":"2021-06-23T13:37:24","modified_gmt":"2021-06-23T13:37:24","slug":"gamepad-spirit-of-gamer-xgp-player-wired-12-botones-vibr","status":"publish","type":"product","link":"https:\/\/server.idssoft.net\/idsdemo\/producto\/gamepad-spirit-of-gamer-xgp-player-wired-12-botones-vibr\/","title":{"rendered":"GAMEPAD SPIRIT OF GAMER XGP PLAYER WIRED &#8211; 12 BOTONES &#8211; VIBR"},"content":{"rendered":"<p>Joysticks anal\u00f3gicos 360 \u00b0<br \/>12 botones num\u00e9ricos<br \/>Funci\u00f3n especial &#034;Rapid Fire&#034; con el turbo<br \/>Los motores de doble vibraci\u00f3n para juegos m\u00e1ximas sensaciones.<br \/>Compatibilidad: PlayStation 3 y Windows \u00ae XP \/ Windows 7 \/ Window<\/p>\n","protected":false},"excerpt":{"rendered":"<p>Joysticks anal\u00f3gicos 360 \u00b012 botones num\u00e9ricosFunci\u00f3n especial &#034;Rapid Fire&#034; con el turboLos motores de doble vibraci\u00f3n para juegos m\u00e1ximas sensaciones.Compatibilidad: PlayStation 3 y Windows \u00ae XP \/ Windows 7 \/ Window<\/p>\n","protected":false},"featured_media":11526,"comment_status":"open","ping_status":"closed","template":"","meta":[],"product_cat":[460],"product_tag":[],"class_list":["post-11528","product","type-product","status-publish","has-post-thumbnail","hentry","product_cat-joystick","thunk-woo-product-list","opn-qv-enable","top-store-woo-hover-","top-store-single-product-tab-horizontal","top-store-shadow-","top-store-shadow-hover-"],"_links":{"self":[{"href":"https:\/\/server.idssoft.net\/idsdemo\/wp-json\/wp\/v2\/product\/11528","targetHints":{"allow":["GET"]}}],"collection":[{"href":"https:\/\/server.idssoft.net\/idsdemo\/wp-json\/wp\/v2\/product"}],"about":[{"href":"https:\/\/server.idssoft.net\/idsdemo\/wp-json\/wp\/v2\/types\/product"}],"replies":[{"embeddable":true,"href":"https:\/\/server.idssoft.net\/idsdemo\/wp-json\/wp\/v2\/comments?post=11528"}],"wp:featuredmedia":[{"embeddable":true,"href":"https:\/\/server.idssoft.net\/idsdemo\/wp-json\/wp\/v2\/media\/11526"}],"wp:attachment":[{"href":"https:\/\/server.idssoft.net\/idsdemo\/wp-json\/wp\/v2\/media?parent=11528"}],"wp:term":[{"taxonomy":"product_cat","embeddable":true,"href":"https:\/\/server.idssoft.net\/idsdemo\/wp-json\/wp\/v2\/product_cat?post=11528"},{"taxonomy":"product_tag","embeddable":true,"href":"https:\/\/server.idssoft.net\/idsdemo\/wp-json\/wp\/v2\/product_tag?post=11528"}],"curies":[{"name":"wp","href":"https:\/\/api.w.org\/{rel}","templated":true}]}}