{"id":11531,"date":"2021-06-23T13:37:28","date_gmt":"2021-06-23T13:37:28","guid":{"rendered":"https:\/\/server.idssoft.net\/idsdemo\/producto\/mando-para-nintendo-switch-spirit-of-gamer-pgs-wireless-16\/"},"modified":"2021-06-23T13:37:28","modified_gmt":"2021-06-23T13:37:28","slug":"mando-para-nintendo-switch-spirit-of-gamer-pgs-wireless-16","status":"publish","type":"product","link":"https:\/\/server.idssoft.net\/idsdemo\/producto\/mando-para-nintendo-switch-spirit-of-gamer-pgs-wireless-16\/","title":{"rendered":"MANDO PARA NINTENDO SWITCH SPIRIT OF GAMER PGS WIRELESS &#8211; 16"},"content":{"rendered":"<p>Cruz octodireccional ultraprecisa<br \/>Bot\u00f3n [INICIO] para acceder r\u00e1pidamente al men\u00fa principal de su Nintendo Switch<br \/>Conexi\u00f3n inal\u00e1mbrica &#8211; Bluetooth<br \/>Botones anal\u00f3gicos y sticks anal\u00f3gicos 360 \u00b0.<br \/>Doble gatillo y bumpers sensibles.<\/p>\n","protected":false},"excerpt":{"rendered":"<p>Cruz octodireccional ultraprecisaBot\u00f3n [INICIO] para acceder r\u00e1pidamente al men\u00fa principal de su Nintendo SwitchConexi\u00f3n inal\u00e1mbrica &#8211; BluetoothBotones anal\u00f3gicos y sticks anal\u00f3gicos 360 \u00b0.Doble gatillo y bumpers sensibles.<\/p>\n","protected":false},"featured_media":11529,"comment_status":"open","ping_status":"closed","template":"","meta":[],"product_cat":[460],"product_tag":[],"class_list":["post-11531","product","type-product","status-publish","has-post-thumbnail","hentry","product_cat-joystick","thunk-woo-product-list","opn-qv-enable","top-store-woo-hover-","top-store-single-product-tab-horizontal","top-store-shadow-","top-store-shadow-hover-"],"_links":{"self":[{"href":"https:\/\/server.idssoft.net\/idsdemo\/wp-json\/wp\/v2\/product\/11531","targetHints":{"allow":["GET"]}}],"collection":[{"href":"https:\/\/server.idssoft.net\/idsdemo\/wp-json\/wp\/v2\/product"}],"about":[{"href":"https:\/\/server.idssoft.net\/idsdemo\/wp-json\/wp\/v2\/types\/product"}],"replies":[{"embeddable":true,"href":"https:\/\/server.idssoft.net\/idsdemo\/wp-json\/wp\/v2\/comments?post=11531"}],"wp:featuredmedia":[{"embeddable":true,"href":"https:\/\/server.idssoft.net\/idsdemo\/wp-json\/wp\/v2\/media\/11529"}],"wp:attachment":[{"href":"https:\/\/server.idssoft.net\/idsdemo\/wp-json\/wp\/v2\/media?parent=11531"}],"wp:term":[{"taxonomy":"product_cat","embeddable":true,"href":"https:\/\/server.idssoft.net\/idsdemo\/wp-json\/wp\/v2\/product_cat?post=11531"},{"taxonomy":"product_tag","embeddable":true,"href":"https:\/\/server.idssoft.net\/idsdemo\/wp-json\/wp\/v2\/product_tag?post=11531"}],"curies":[{"name":"wp","href":"https:\/\/api.w.org\/{rel}","templated":true}]}}