{"id":11535,"date":"2021-06-23T13:37:37","date_gmt":"2021-06-23T13:37:37","guid":{"rendered":"https:\/\/server.idssoft.net\/idsdemo\/producto\/telefono-analogico-da410-negro-4-teclas-marcacion-directa\/"},"modified":"2021-06-23T13:37:37","modified_gmt":"2021-06-23T13:37:37","slug":"telefono-analogico-da410-negro-4-teclas-marcacion-directa","status":"publish","type":"product","link":"https:\/\/server.idssoft.net\/idsdemo\/producto\/telefono-analogico-da410-negro-4-teclas-marcacion-directa\/","title":{"rendered":"TELEFONO ANALOGICO DA410 NEGRO &#8211; 4 TECLAS MARCACION DIRECTA-"},"content":{"rendered":"<p>Especificaciones t\u00e9cnicas<br \/>Nombre de art\u00edculo: Gigaset DA410<br \/>Conexi\u00f3n: Anal\u00f3gico<br \/>N\u00famero de tel\u00e9fono (anal\u00f3gica): 1<br \/>N\u00famero de conversaciones simult\u00e1neas (anal\u00f3gica): 1<br \/>Interfaz interna: Conexi\u00f3n de auricular de 2,5 mm<\/p>\n","protected":false},"excerpt":{"rendered":"<p>Especificaciones t\u00e9cnicasNombre de art\u00edculo: Gigaset DA410Conexi\u00f3n: Anal\u00f3gicoN\u00famero de tel\u00e9fono (anal\u00f3gica): 1N\u00famero de conversaciones simult\u00e1neas (anal\u00f3gica): 1Interfaz interna: Conexi\u00f3n de auricular de 2,5 mm<\/p>\n","protected":false},"featured_media":11534,"comment_status":"open","ping_status":"closed","template":"","meta":[],"product_cat":[487],"product_tag":[],"class_list":["post-11535","product","type-product","status-publish","has-post-thumbnail","hentry","product_cat-telefona-fija-sobremesa","thunk-woo-product-list","opn-qv-enable","top-store-woo-hover-","top-store-single-product-tab-horizontal","top-store-shadow-","top-store-shadow-hover-"],"_links":{"self":[{"href":"https:\/\/server.idssoft.net\/idsdemo\/wp-json\/wp\/v2\/product\/11535","targetHints":{"allow":["GET"]}}],"collection":[{"href":"https:\/\/server.idssoft.net\/idsdemo\/wp-json\/wp\/v2\/product"}],"about":[{"href":"https:\/\/server.idssoft.net\/idsdemo\/wp-json\/wp\/v2\/types\/product"}],"replies":[{"embeddable":true,"href":"https:\/\/server.idssoft.net\/idsdemo\/wp-json\/wp\/v2\/comments?post=11535"}],"wp:featuredmedia":[{"embeddable":true,"href":"https:\/\/server.idssoft.net\/idsdemo\/wp-json\/wp\/v2\/media\/11534"}],"wp:attachment":[{"href":"https:\/\/server.idssoft.net\/idsdemo\/wp-json\/wp\/v2\/media?parent=11535"}],"wp:term":[{"taxonomy":"product_cat","embeddable":true,"href":"https:\/\/server.idssoft.net\/idsdemo\/wp-json\/wp\/v2\/product_cat?post=11535"},{"taxonomy":"product_tag","embeddable":true,"href":"https:\/\/server.idssoft.net\/idsdemo\/wp-json\/wp\/v2\/product_tag?post=11535"}],"curies":[{"name":"wp","href":"https:\/\/api.w.org\/{rel}","templated":true}]}}