{"id":11545,"date":"2021-06-23T13:37:51","date_gmt":"2021-06-23T13:37:51","guid":{"rendered":"https:\/\/server.idssoft.net\/idsdemo\/producto\/tostadora-de-pan-850w-design-muvip\/"},"modified":"2021-06-23T13:37:51","modified_gmt":"2021-06-23T13:37:51","slug":"tostadora-de-pan-850w-design-muvip","status":"publish","type":"product","link":"https:\/\/server.idssoft.net\/idsdemo\/producto\/tostadora-de-pan-850w-design-muvip\/","title":{"rendered":"TOSTADORA DE PAN 850W DESIGN MUVIP"},"content":{"rendered":"<p>&#8211; Potencia: 850W<br \/>&#8211; Paredes exteriores de tacto fr\u00edo. <br \/>&#8211; Capacidad para 2 rebanadas de pan.<br \/>&#8211; Funci\u00f3n calentar, descongelaci\u00f3n y recalentar. <br \/>&#8211; Bandeja recogemigas<br \/>&#8211; Selector con 7 niveles de tostado<br \/>&#8211; Parada autom\u00e1tica y ma<\/p>\n","protected":false},"excerpt":{"rendered":"<p>&#8211; Potencia: 850W&#8211; Paredes exteriores de tacto fr\u00edo. &#8211; Capacidad para 2 rebanadas de pan.&#8211; Funci\u00f3n calentar, descongelaci\u00f3n y recalentar. &#8211; Bandeja recogemigas&#8211; Selector con 7 niveles de tostado&#8211; Parada autom\u00e1tica y ma<\/p>\n","protected":false},"featured_media":11543,"comment_status":"open","ping_status":"closed","template":"","meta":[],"product_cat":[647],"product_tag":[],"class_list":["post-11545","product","type-product","status-publish","has-post-thumbnail","hentry","product_cat-tostadoras","thunk-woo-product-list","opn-qv-enable","top-store-woo-hover-","top-store-single-product-tab-horizontal","top-store-shadow-","top-store-shadow-hover-"],"_links":{"self":[{"href":"https:\/\/server.idssoft.net\/idsdemo\/wp-json\/wp\/v2\/product\/11545","targetHints":{"allow":["GET"]}}],"collection":[{"href":"https:\/\/server.idssoft.net\/idsdemo\/wp-json\/wp\/v2\/product"}],"about":[{"href":"https:\/\/server.idssoft.net\/idsdemo\/wp-json\/wp\/v2\/types\/product"}],"replies":[{"embeddable":true,"href":"https:\/\/server.idssoft.net\/idsdemo\/wp-json\/wp\/v2\/comments?post=11545"}],"wp:featuredmedia":[{"embeddable":true,"href":"https:\/\/server.idssoft.net\/idsdemo\/wp-json\/wp\/v2\/media\/11543"}],"wp:attachment":[{"href":"https:\/\/server.idssoft.net\/idsdemo\/wp-json\/wp\/v2\/media?parent=11545"}],"wp:term":[{"taxonomy":"product_cat","embeddable":true,"href":"https:\/\/server.idssoft.net\/idsdemo\/wp-json\/wp\/v2\/product_cat?post=11545"},{"taxonomy":"product_tag","embeddable":true,"href":"https:\/\/server.idssoft.net\/idsdemo\/wp-json\/wp\/v2\/product_tag?post=11545"}],"curies":[{"name":"wp","href":"https:\/\/api.w.org\/{rel}","templated":true}]}}