{"id":11547,"date":"2021-06-23T13:37:55","date_gmt":"2021-06-23T13:37:55","guid":{"rendered":"https:\/\/server.idssoft.net\/idsdemo\/producto\/tensiometro-de-muneca-laica-bm1006-gran-pantalla-lcd\/"},"modified":"2021-06-23T13:37:55","modified_gmt":"2021-06-23T13:37:55","slug":"tensiometro-de-muneca-laica-bm1006-gran-pantalla-lcd","status":"publish","type":"product","link":"https:\/\/server.idssoft.net\/idsdemo\/producto\/tensiometro-de-muneca-laica-bm1006-gran-pantalla-lcd\/","title":{"rendered":"TENSIOMETRO DE MU\u00d1ECA LAICA BM1006 &#8211; GRAN PANTALLA LCD"},"content":{"rendered":"<p>Este dispositivo le permite medir r\u00e1pidamente su presi\u00f3n arterial en el hogar para que pueda monitorearla a diario.Permite la medici\u00f3n r\u00e1pida de la presi\u00f3n arterial (sist\u00f3lica y diast\u00f3lica) y la frecuencia card\u00edaca e indica cualquier arritmia.<\/p>\n","protected":false},"excerpt":{"rendered":"<p>Este dispositivo le permite medir r\u00e1pidamente su presi\u00f3n arterial en el hogar para que pueda monitorearla a diario.Permite la medici\u00f3n r\u00e1pida de la presi\u00f3n arterial (sist\u00f3lica y diast\u00f3lica) y la frecuencia card\u00edaca e indica cualquier arritmia.<\/p>\n","protected":false},"featured_media":11546,"comment_status":"open","ping_status":"closed","template":"","meta":[],"product_cat":[558],"product_tag":[],"class_list":["post-11547","product","type-product","status-publish","has-post-thumbnail","hentry","product_cat-tensiometros-y-pulsioximetros","thunk-woo-product-list","opn-qv-enable","top-store-woo-hover-","top-store-single-product-tab-horizontal","top-store-shadow-","top-store-shadow-hover-"],"_links":{"self":[{"href":"https:\/\/server.idssoft.net\/idsdemo\/wp-json\/wp\/v2\/product\/11547","targetHints":{"allow":["GET"]}}],"collection":[{"href":"https:\/\/server.idssoft.net\/idsdemo\/wp-json\/wp\/v2\/product"}],"about":[{"href":"https:\/\/server.idssoft.net\/idsdemo\/wp-json\/wp\/v2\/types\/product"}],"replies":[{"embeddable":true,"href":"https:\/\/server.idssoft.net\/idsdemo\/wp-json\/wp\/v2\/comments?post=11547"}],"wp:featuredmedia":[{"embeddable":true,"href":"https:\/\/server.idssoft.net\/idsdemo\/wp-json\/wp\/v2\/media\/11546"}],"wp:attachment":[{"href":"https:\/\/server.idssoft.net\/idsdemo\/wp-json\/wp\/v2\/media?parent=11547"}],"wp:term":[{"taxonomy":"product_cat","embeddable":true,"href":"https:\/\/server.idssoft.net\/idsdemo\/wp-json\/wp\/v2\/product_cat?post=11547"},{"taxonomy":"product_tag","embeddable":true,"href":"https:\/\/server.idssoft.net\/idsdemo\/wp-json\/wp\/v2\/product_tag?post=11547"}],"curies":[{"name":"wp","href":"https:\/\/api.w.org\/{rel}","templated":true}]}}