{"id":11556,"date":"2021-06-23T13:38:10","date_gmt":"2021-06-23T13:38:10","guid":{"rendered":"https:\/\/server.idssoft.net\/idsdemo\/producto\/auricular-micro-running-sport-v6-bluetooth-micro-sd-rojo\/"},"modified":"2021-06-23T13:38:10","modified_gmt":"2021-06-23T13:38:10","slug":"auricular-micro-running-sport-v6-bluetooth-micro-sd-rojo","status":"publish","type":"product","link":"https:\/\/server.idssoft.net\/idsdemo\/producto\/auricular-micro-running-sport-v6-bluetooth-micro-sd-rojo\/","title":{"rendered":"AURICULAR + MICRO RUNNING SPORT V6 BLUETOOTH + MICRO SD ROJO"},"content":{"rendered":"<p>Tus Auriculares Running V6 est\u00e1n ya aqu\u00ed . Con los Auriculares Running Sports Coolsound la molestia del cable desaparece. Peso reducido, sujeci\u00f3n perfecta y una comodidad total, te olvidar\u00e1s que los llevas puestos. Sincroniza tu smartphone y disfr<\/p>\n","protected":false},"excerpt":{"rendered":"<p>Tus Auriculares Running V6 est\u00e1n ya aqu\u00ed . Con los Auriculares Running Sports Coolsound la molestia del cable desaparece. Peso reducido, sujeci\u00f3n perfecta y una comodidad total, te olvidar\u00e1s que los llevas puestos. Sincroniza tu smartphone y disfr<\/p>\n","protected":false},"featured_media":11554,"comment_status":"open","ping_status":"closed","template":"","meta":[],"product_cat":[476],"product_tag":[],"class_list":["post-11556","product","type-product","status-publish","has-post-thumbnail","hentry","product_cat-auriculares-bluetooth","thunk-woo-product-list","opn-qv-enable","top-store-woo-hover-","top-store-single-product-tab-horizontal","top-store-shadow-","top-store-shadow-hover-"],"_links":{"self":[{"href":"https:\/\/server.idssoft.net\/idsdemo\/wp-json\/wp\/v2\/product\/11556","targetHints":{"allow":["GET"]}}],"collection":[{"href":"https:\/\/server.idssoft.net\/idsdemo\/wp-json\/wp\/v2\/product"}],"about":[{"href":"https:\/\/server.idssoft.net\/idsdemo\/wp-json\/wp\/v2\/types\/product"}],"replies":[{"embeddable":true,"href":"https:\/\/server.idssoft.net\/idsdemo\/wp-json\/wp\/v2\/comments?post=11556"}],"wp:featuredmedia":[{"embeddable":true,"href":"https:\/\/server.idssoft.net\/idsdemo\/wp-json\/wp\/v2\/media\/11554"}],"wp:attachment":[{"href":"https:\/\/server.idssoft.net\/idsdemo\/wp-json\/wp\/v2\/media?parent=11556"}],"wp:term":[{"taxonomy":"product_cat","embeddable":true,"href":"https:\/\/server.idssoft.net\/idsdemo\/wp-json\/wp\/v2\/product_cat?post=11556"},{"taxonomy":"product_tag","embeddable":true,"href":"https:\/\/server.idssoft.net\/idsdemo\/wp-json\/wp\/v2\/product_tag?post=11556"}],"curies":[{"name":"wp","href":"https:\/\/api.w.org\/{rel}","templated":true}]}}