{"id":11565,"date":"2021-06-23T13:38:25","date_gmt":"2021-06-23T13:38:25","guid":{"rendered":"https:\/\/server.idssoft.net\/idsdemo\/producto\/auricular-microfono-z200-rojo-coolsound\/"},"modified":"2021-06-23T13:38:25","modified_gmt":"2021-06-23T13:38:25","slug":"auricular-microfono-z200-rojo-coolsound","status":"publish","type":"product","link":"https:\/\/server.idssoft.net\/idsdemo\/producto\/auricular-microfono-z200-rojo-coolsound\/","title":{"rendered":"AURICULAR + MICROFONO Z200 ROJO COOLSOUND"},"content":{"rendered":"<p>Todo el control con los Auriculares + Micr\u00f3fono Z200 de Coolsound. El compa\u00f1ero perfecto para la pr\u00e1ctica de tus deportes gracias a su reducido peso. Ideal para reproducir archivos de audio en alta calidad desde cualquier dispositivo con entrada ja<\/p>\n","protected":false},"excerpt":{"rendered":"<p>Todo el control con los Auriculares + Micr\u00f3fono Z200 de Coolsound. El compa\u00f1ero perfecto para la pr\u00e1ctica de tus deportes gracias a su reducido peso. Ideal para reproducir archivos de audio en alta calidad desde cualquier dispositivo con entrada ja<\/p>\n","protected":false},"featured_media":11563,"comment_status":"open","ping_status":"closed","template":"","meta":[],"product_cat":[474],"product_tag":[],"class_list":["post-11565","product","type-product","status-publish","has-post-thumbnail","hentry","product_cat-auriculares-con-cable","thunk-woo-product-list","opn-qv-enable","top-store-woo-hover-","top-store-single-product-tab-horizontal","top-store-shadow-","top-store-shadow-hover-"],"_links":{"self":[{"href":"https:\/\/server.idssoft.net\/idsdemo\/wp-json\/wp\/v2\/product\/11565","targetHints":{"allow":["GET"]}}],"collection":[{"href":"https:\/\/server.idssoft.net\/idsdemo\/wp-json\/wp\/v2\/product"}],"about":[{"href":"https:\/\/server.idssoft.net\/idsdemo\/wp-json\/wp\/v2\/types\/product"}],"replies":[{"embeddable":true,"href":"https:\/\/server.idssoft.net\/idsdemo\/wp-json\/wp\/v2\/comments?post=11565"}],"wp:featuredmedia":[{"embeddable":true,"href":"https:\/\/server.idssoft.net\/idsdemo\/wp-json\/wp\/v2\/media\/11563"}],"wp:attachment":[{"href":"https:\/\/server.idssoft.net\/idsdemo\/wp-json\/wp\/v2\/media?parent=11565"}],"wp:term":[{"taxonomy":"product_cat","embeddable":true,"href":"https:\/\/server.idssoft.net\/idsdemo\/wp-json\/wp\/v2\/product_cat?post=11565"},{"taxonomy":"product_tag","embeddable":true,"href":"https:\/\/server.idssoft.net\/idsdemo\/wp-json\/wp\/v2\/product_tag?post=11565"}],"curies":[{"name":"wp","href":"https:\/\/api.w.org\/{rel}","templated":true}]}}